{"id":176,"date":"2023-09-25T04:49:41","date_gmt":"2023-09-25T04:49:41","guid":{"rendered":"https:\/\/jjfin.wtb.agency\/?page_id=176"},"modified":"2023-09-25T09:16:18","modified_gmt":"2023-09-25T09:16:18","slug":"private-lease","status":"publish","type":"page","link":"https:\/\/www.jjfin.be\/en\/private-lease\/","title":{"rendered":"private lease"},"content":{"rendered":"<div data-elementor-type=\"wp-page\" data-elementor-id=\"176\" class=\"elementor elementor-176\" data-elementor-post-type=\"page\">\n\t\t\t\t<div class=\"elementor-element elementor-element-ba6e497 e-flex e-con-boxed e-con e-parent\" data-id=\"ba6e497\" data-element_type=\"container\" data-e-type=\"container\" data-settings=\"{&quot;background_background&quot;:&quot;gradient&quot;}\">\n\t\t\t\t\t<div class=\"e-con-inner\">\n\t\t\t\t<div class=\"elementor-element elementor-element-74d07ea elementor-widget elementor-widget-image\" data-id=\"74d07ea\" data-element_type=\"widget\" data-e-type=\"widget\" data-widget_type=\"image.default\">\n\t\t\t\t<div class=\"elementor-widget-container\">\n\t\t\t\t\t\t\t\t\t\t\t\t\t\t\t<img fetchpriority=\"high\" decoding=\"async\" width=\"612\" height=\"280\" src=\"https:\/\/www.jjfin.be\/wp-content\/uploads\/2023\/09\/jjfin-logo-white2.png\" class=\"attachment-full size-full wp-image-13\" alt=\"\" srcset=\"https:\/\/www.jjfin.be\/wp-content\/uploads\/2023\/09\/jjfin-logo-white2.png 612w, https:\/\/www.jjfin.be\/wp-content\/uploads\/2023\/09\/jjfin-logo-white2-300x137.png 300w\" sizes=\"(max-width: 612px) 100vw, 612px\" \/>\t\t\t\t\t\t\t\t\t\t\t\t\t\t\t<\/div>\n\t\t\t\t<\/div>\n\t\t\t\t<div class=\"elementor-element elementor-element-ed4f706 elementor-widget elementor-widget-heading\" data-id=\"ed4f706\" data-element_type=\"widget\" data-e-type=\"widget\" data-widget_type=\"heading.default\">\n\t\t\t\t<div class=\"elementor-widget-container\">\n\t\t\t\t\t<h2 class=\"elementor-heading-title elementor-size-default\">Private lease: Leasing for individuals<\/h2>\t\t\t\t<\/div>\n\t\t\t\t<\/div>\n\t\t\t\t<div class=\"elementor-element elementor-element-4c21532 elementor-widget elementor-widget-text-editor\" data-id=\"4c21532\" data-element_type=\"widget\" data-e-type=\"widget\" data-widget_type=\"text-editor.default\">\n\t\t\t\t<div class=\"elementor-widget-container\">\n\t\t\t\t\t\t\t\t\t<p>Automobile private leasing, also known as personal leasing, is a long-term rental agreement that allows an individual to lease a new vehicle for a specified period, usually 2 to 5 years, in return for fixed monthly payments. .<\/p><p>The price paid each month covers not only the vehicle itself, but also maintenance costs, insurance and all applicable taxes. The mileage is defined in advance. However, there is no purchase option at the end of the contract.\u00a0<\/p>\t\t\t\t\t\t\t\t<\/div>\n\t\t\t\t<\/div>\n\t\t\t\t\t<\/div>\n\t\t\t\t<\/div>\n\t\t<div class=\"elementor-element elementor-element-988641e e-flex e-con-boxed e-con e-parent\" data-id=\"988641e\" data-element_type=\"container\" data-e-type=\"container\">\n\t\t\t\t\t<div class=\"e-con-inner\">\n\t\t<div class=\"elementor-element elementor-element-7b4f20f e-con-full e-flex e-con e-child\" data-id=\"7b4f20f\" data-element_type=\"container\" data-e-type=\"container\">\n\t\t\t\t<div class=\"elementor-element elementor-element-6306216 elementor-widget elementor-widget-heading\" data-id=\"6306216\" data-element_type=\"widget\" data-e-type=\"widget\" data-widget_type=\"heading.default\">\n\t\t\t\t<div class=\"elementor-widget-container\">\n\t\t\t\t\t<h2 class=\"elementor-heading-title elementor-size-default\">Advantages<\/h2>\t\t\t\t<\/div>\n\t\t\t\t<\/div>\n\t\t\t\t<\/div>\n\t\t<div class=\"elementor-element elementor-element-304945a e-con-full e-flex e-con e-child\" data-id=\"304945a\" data-element_type=\"container\" data-e-type=\"container\">\n\t\t\t\t<div class=\"elementor-element elementor-element-2ee0e3c elementor-widget elementor-widget-text-editor\" data-id=\"2ee0e3c\" data-element_type=\"widget\" data-e-type=\"widget\" data-widget_type=\"text-editor.default\">\n\t\t\t\t<div class=\"elementor-widget-container\">\n\t\t\t\t\t\t\t\t\t<ul><li><strong><span style=\"text-decoration: underline;\">Access to a new vehicle<\/span><\/strong> : Private leasing allows drivers to enjoy a new vehicle, which means they can have access to the latest technology, advanced safety features and better fuel efficiency.<br \/><br \/><\/li><li><span style=\"text-decoration: underline;\"><strong>Predictable costs<\/strong> :<\/span> Monthly payments are fixed and often include maintenance, insurance, taxes and sometimes standard repair costs. This makes it easier for drivers to budget and avoid costly surprises that come with car ownership.<\/li><\/ul>\t\t\t\t\t\t\t\t<\/div>\n\t\t\t\t<\/div>\n\t\t\t\t<\/div>\n\t\t\t\t\t<\/div>\n\t\t\t\t<\/div>\n\t\t<div class=\"elementor-element elementor-element-533339e e-flex e-con-boxed e-con e-parent\" data-id=\"533339e\" data-element_type=\"container\" data-e-type=\"container\">\n\t\t\t\t\t<div class=\"e-con-inner\">\n\t\t<div class=\"elementor-element elementor-element-37340ce e-con-full e-flex e-con e-child\" data-id=\"37340ce\" data-element_type=\"container\" data-e-type=\"container\">\n\t\t\t\t<div class=\"elementor-element elementor-element-a8891c7 elementor-widget elementor-widget-text-editor\" data-id=\"a8891c7\" data-element_type=\"widget\" data-e-type=\"widget\" data-widget_type=\"text-editor.default\">\n\t\t\t\t<div class=\"elementor-widget-container\">\n\t\t\t\t\t\t\t\t\t<ul><li><span style=\"text-decoration: underline;\"><strong>No deposit<\/strong><\/span> :Unlike purchasing a vehicle, a private lease generally does not require a large upfront payment. This reduces the financial barrier to purchasing a new vehicle.<br \/><br \/><\/li><li><span style=\"text-decoration: underline;\"><strong>Simplified maintenance<\/strong> <\/span>: Regular maintenance services and routine repairs are usually included in the leasing contract. This means that drivers do not have to worry about maintaining their vehicle.<\/li><\/ul>\t\t\t\t\t\t\t\t<\/div>\n\t\t\t\t<\/div>\n\t\t\t\t<\/div>\n\t\t<div class=\"elementor-element elementor-element-8700af9 e-con-full e-flex e-con e-child\" data-id=\"8700af9\" data-element_type=\"container\" data-e-type=\"container\">\n\t\t\t\t<div class=\"elementor-element elementor-element-beeac5a elementor-widget elementor-widget-text-editor\" data-id=\"beeac5a\" data-element_type=\"widget\" data-e-type=\"widget\" data-widget_type=\"text-editor.default\">\n\t\t\t\t<div class=\"elementor-widget-container\">\n\t\t\t\t\t\t\t\t\t<ul><li><span style=\"text-decoration: underline;\"><strong>Renewal options <\/strong> <\/span>: At the end of the contract, you have the possibility of choosing a new vehicle, which allows you to permanently drive a recent vehicle. There is no purchase option in this type of contract.\u00a0<br \/><br \/><\/li><li><span style=\"text-decoration: underline;\"><strong>Administrative simplicity<\/strong>\u00a0:<\/span> The leasing provider usually takes care of document management, insurance and administrative formalities, making your life easier. It is not necessary to go through the bank to obtain credit.<br \/><br \/><\/li><li><span style=\"text-decoration: underline;\"><strong>Flexibility<\/strong>\u00a0<\/span>: Leasing contracts for individuals often offer a certain flexibility in terms of duration, mileage, and other services such as gasoline or car wash.<\/li><\/ul>\t\t\t\t\t\t\t\t<\/div>\n\t\t\t\t<\/div>\n\t\t\t\t<\/div>\n\t\t\t\t\t<\/div>\n\t\t\t\t<\/div>\n\t\t<div class=\"elementor-element elementor-element-fc3bf47 e-flex e-con-boxed e-con e-parent\" data-id=\"fc3bf47\" data-element_type=\"container\" data-e-type=\"container\" id=\"difference\" data-settings=\"{&quot;background_background&quot;:&quot;classic&quot;}\">\n\t\t\t\t\t<div class=\"e-con-inner\">\n\t\t<div class=\"elementor-element elementor-element-4a9859c e-con-full e-flex e-con e-child\" data-id=\"4a9859c\" data-element_type=\"container\" data-e-type=\"container\">\n\t\t\t\t<div class=\"elementor-element elementor-element-b1fcdc0 elementor-widget elementor-widget-heading\" data-id=\"b1fcdc0\" data-element_type=\"widget\" data-e-type=\"widget\" data-widget_type=\"heading.default\">\n\t\t\t\t<div class=\"elementor-widget-container\">\n\t\t\t\t\t<h2 class=\"elementor-heading-title elementor-size-default\">Purchase or Private Lease?<\/h2>\t\t\t\t<\/div>\n\t\t\t\t<\/div>\n\t\t\t\t<div class=\"elementor-element elementor-element-182f13c elementor-hidden-desktop elementor-hidden-tablet elementor-hidden-mobile elementor-widget elementor-widget-text-editor\" data-id=\"182f13c\" data-element_type=\"widget\" data-e-type=\"widget\" data-widget_type=\"text-editor.default\">\n\t\t\t\t<div class=\"elementor-widget-container\">\n\t\t\t\t\t\t\t\t\t<p>of a leased car<\/p>\t\t\t\t\t\t\t\t<\/div>\n\t\t\t\t<\/div>\n\t\t\t\t<\/div>\n\t\t<div class=\"elementor-element elementor-element-4e29b1c e-con-full e-flex e-con e-child\" data-id=\"4e29b1c\" data-element_type=\"container\" data-e-type=\"container\">\n\t\t\t\t<div class=\"elementor-element elementor-element-4ba7f83 elementor-widget elementor-widget-text-editor\" data-id=\"4ba7f83\" data-element_type=\"widget\" data-e-type=\"widget\" data-widget_type=\"text-editor.default\">\n\t\t\t\t<div class=\"elementor-widget-container\">\n\t\t\t\t\t\t\t\t\t<p>It is necessary to take into consideration the various costs associated with owning a vehicle. In addition to the purchase price of the car, registration and road taxes, costs for insurance, maintenance, repairs, tires and possibly assistance services must also be taken into account. Additionally, it is essential to consider the potential resale value of the vehicle.<\/p>\t\t\t\t\t\t\t\t<\/div>\n\t\t\t\t<\/div>\n\t\t\t\t<div class=\"elementor-element elementor-element-357406e elementor-align-left elementor-widget elementor-widget-button\" data-id=\"357406e\" data-element_type=\"widget\" data-e-type=\"widget\" data-widget_type=\"button.default\">\n\t\t\t\t<div class=\"elementor-widget-container\">\n\t\t\t\t\t\t\t\t\t<div class=\"elementor-button-wrapper\">\n\t\t\t\t\t<a class=\"elementor-button elementor-button-link elementor-size-sm\" href=\"mailto:contact@jjfin.be\">\n\t\t\t\t\t\t<span class=\"elementor-button-content-wrapper\">\n\t\t\t\t\t\t\t\t\t<span class=\"elementor-button-text\">Contact us for a quote<\/span>\n\t\t\t\t\t<\/span>\n\t\t\t\t\t<\/a>\n\t\t\t\t<\/div>\n\t\t\t\t\t\t\t\t<\/div>\n\t\t\t\t<\/div>\n\t\t\t\t<\/div>\n\t\t\t\t\t<\/div>\n\t\t\t\t<\/div>\n\t\t<div class=\"elementor-element elementor-element-275d9b4 e-flex e-con-boxed e-con e-parent\" data-id=\"275d9b4\" data-element_type=\"container\" data-e-type=\"container\" data-settings=\"{&quot;background_background&quot;:&quot;classic&quot;}\">\n\t\t\t\t\t<div class=\"e-con-inner\">\n\t\t<div class=\"elementor-element elementor-element-09d1066 e-flex e-con-boxed e-con e-child\" data-id=\"09d1066\" data-element_type=\"container\" data-e-type=\"container\">\n\t\t\t\t\t<div class=\"e-con-inner\">\n\t\t\t\t<div class=\"elementor-element elementor-element-8bff9d7 elementor-widget elementor-widget-heading\" data-id=\"8bff9d7\" data-element_type=\"widget\" data-e-type=\"widget\" data-widget_type=\"heading.default\">\n\t\t\t\t<div class=\"elementor-widget-container\">\n\t\t\t\t\t<h3 class=\"elementor-heading-title elementor-size-default\">Cash purchase<\/h3>\t\t\t\t<\/div>\n\t\t\t\t<\/div>\n\t\t\t\t<div class=\"elementor-element elementor-element-46a7b2b elementor-widget elementor-widget-text-editor\" data-id=\"46a7b2b\" data-element_type=\"widget\" data-e-type=\"widget\" data-widget_type=\"text-editor.default\">\n\t\t\t\t<div class=\"elementor-widget-container\">\n\t\t\t\t\t\t\t\t\t<p><strong><span style=\"text-decoration: underline;\">High initial total cost:\u00a0<\/span><br \/><\/strong>Buying cash requires a large upfront payment for the vehicle purchase, followed by the full purchase price. This can be a financial burden for many people, as the total cost is usually high.<\/p>\t\t\t\t\t\t\t\t<\/div>\n\t\t\t\t<\/div>\n\t\t\t\t<div class=\"elementor-element elementor-element-21c07d6 elementor-widget elementor-widget-text-editor\" data-id=\"21c07d6\" data-element_type=\"widget\" data-e-type=\"widget\" data-widget_type=\"text-editor.default\">\n\t\t\t\t<div class=\"elementor-widget-container\">\n\t\t\t\t\t\t\t\t\t<p><span style=\"text-decoration: underline;\"><strong>Total ownership:<\/strong><\/span> <br \/>When you buy a vehicle with cash, you immediately become its owner. You have title and can do whatever you want with the vehicle, including customizing it, selling it, or keeping it for as long as you want.<\/p>\t\t\t\t\t\t\t\t<\/div>\n\t\t\t\t<\/div>\n\t\t\t\t<div class=\"elementor-element elementor-element-36f86c8 elementor-widget elementor-widget-text-editor\" data-id=\"36f86c8\" data-element_type=\"widget\" data-e-type=\"widget\" data-widget_type=\"text-editor.default\">\n\t\t\t\t<div class=\"elementor-widget-container\">\n\t\t\t\t\t\t\t\t\t<p><span style=\"text-decoration: underline;\"><strong>Absence of fixed cost forecasts:<\/strong><\/span> <br \/>Costs associated with vehicle ownership, such as maintenance, repairs and insurance, can vary widely and are not predictable.<\/p>\t\t\t\t\t\t\t\t<\/div>\n\t\t\t\t<\/div>\n\t\t\t\t<div class=\"elementor-element elementor-element-e782b36 elementor-widget elementor-widget-text-editor\" data-id=\"e782b36\" data-element_type=\"widget\" data-e-type=\"widget\" data-widget_type=\"text-editor.default\">\n\t\t\t\t<div class=\"elementor-widget-container\">\n\t\t\t\t\t\t\t\t\t<p><span style=\"text-decoration: underline;\"><strong>CONCLUSION :<\/strong><\/span> <br \/>If you have enough funds to purchase the car in cash, this option turns out to be the least expensive. However, it is crucial to pay attention to your financial liquidity.<\/p>\t\t\t\t\t\t\t\t<\/div>\n\t\t\t\t<\/div>\n\t\t\t\t\t<\/div>\n\t\t\t\t<\/div>\n\t\t<div class=\"elementor-element elementor-element-3919864 e-flex e-con-boxed e-con e-child\" data-id=\"3919864\" data-element_type=\"container\" data-e-type=\"container\">\n\t\t\t\t\t<div class=\"e-con-inner\">\n\t\t\t\t<div class=\"elementor-element elementor-element-47a3080 elementor-widget elementor-widget-heading\" data-id=\"47a3080\" data-element_type=\"widget\" data-e-type=\"widget\" data-widget_type=\"heading.default\">\n\t\t\t\t<div class=\"elementor-widget-container\">\n\t\t\t\t\t<h3 class=\"elementor-heading-title elementor-size-default\">Purchase on credit<\/h3>\t\t\t\t<\/div>\n\t\t\t\t<\/div>\n\t\t\t\t<div class=\"elementor-element elementor-element-c6321e1 elementor-widget elementor-widget-text-editor\" data-id=\"c6321e1\" data-element_type=\"widget\" data-e-type=\"widget\" data-widget_type=\"text-editor.default\">\n\t\t\t\t<div class=\"elementor-widget-container\">\n\t\t\t\t\t\t\t\t\t<p><span style=\"text-decoration: underline;\"><strong>Initial cost :<\/strong><\/span> <br \/>Although purchasing on credit generally requires an initial payment (down payment), this amount is generally less than that required for a cash purchase. You then borrow the rest of the amount of the vehicle and repay it gradually in the form of monthly payments.<\/p>\t\t\t\t\t\t\t\t<\/div>\n\t\t\t\t<\/div>\n\t\t\t\t<div class=\"elementor-element elementor-element-ac482c1 elementor-widget elementor-widget-text-editor\" data-id=\"ac482c1\" data-element_type=\"widget\" data-e-type=\"widget\" data-widget_type=\"text-editor.default\">\n\t\t\t\t<div class=\"elementor-widget-container\">\n\t\t\t\t\t\t\t\t\t<p><span style=\"text-decoration: underline;\"><strong>Immediate ownership:<\/strong><\/span> <br \/>When you buy a vehicle on credit, you immediately become the owner of the vehicle. This means you have title and can do whatever you want with the vehicle, including customizing it, selling it, or keeping it for as long as you want.<\/p>\t\t\t\t\t\t\t\t<\/div>\n\t\t\t\t<\/div>\n\t\t\t\t<div class=\"elementor-element elementor-element-035c91f elementor-widget elementor-widget-text-editor\" data-id=\"035c91f\" data-element_type=\"widget\" data-e-type=\"widget\" data-widget_type=\"text-editor.default\">\n\t\t\t\t<div class=\"elementor-widget-container\">\n\t\t\t\t\t\t\t\t\t<p><span style=\"text-decoration-line: underline;\"><strong>Absence of fixed cost forecasts:<\/strong><\/span> <br \/>Costs associated with vehicle ownership, such as maintenance, repairs and insurance, can vary widely and are not predictable.<\/p>\t\t\t\t\t\t\t\t<\/div>\n\t\t\t\t<\/div>\n\t\t\t\t<div class=\"elementor-element elementor-element-03a1fce elementor-widget elementor-widget-text-editor\" data-id=\"03a1fce\" data-element_type=\"widget\" data-e-type=\"widget\" data-widget_type=\"text-editor.default\">\n\t\t\t\t<div class=\"elementor-widget-container\">\n\t\t\t\t\t\t\t\t\t<p><span style=\"text-decoration: underline;\"><strong>CONCLUSION :<\/strong><\/span> <br \/>Unlike private leasing, which only requires you to finance the use of the vehicle, a traditional purchase requires full financing of the purchase price!<\/p>\t\t\t\t\t\t\t\t<\/div>\n\t\t\t\t<\/div>\n\t\t\t\t\t<\/div>\n\t\t\t\t<\/div>\n\t\t<div class=\"elementor-element elementor-element-646f954 e-flex e-con-boxed e-con e-child\" data-id=\"646f954\" data-element_type=\"container\" data-e-type=\"container\">\n\t\t\t\t\t<div class=\"e-con-inner\">\n\t\t\t\t<div class=\"elementor-element elementor-element-2aea3cb elementor-widget elementor-widget-heading\" data-id=\"2aea3cb\" data-element_type=\"widget\" data-e-type=\"widget\" data-widget_type=\"heading.default\">\n\t\t\t\t<div class=\"elementor-widget-container\">\n\t\t\t\t\t<h3 class=\"elementor-heading-title elementor-size-default\">Private Lease <\/h3>\t\t\t\t<\/div>\n\t\t\t\t<\/div>\n\t\t\t\t<div class=\"elementor-element elementor-element-4e41042 elementor-widget elementor-widget-text-editor\" data-id=\"4e41042\" data-element_type=\"widget\" data-e-type=\"widget\" data-widget_type=\"text-editor.default\">\n\t\t\t\t<div class=\"elementor-widget-container\">\n\t\t\t\t\t\t\t\t\t<p><span style=\"text-decoration: underline;\"><strong>Reduced initial cost:<\/strong><\/span> <br \/>A private lease generally requires a much lower initial payment than a cash purchase. Monthly payments are fixed and often include maintenance, insurance and taxes.<\/p>\t\t\t\t\t\t\t\t<\/div>\n\t\t\t\t<\/div>\n\t\t\t\t<div class=\"elementor-element elementor-element-5a6a9b9 elementor-widget elementor-widget-text-editor\" data-id=\"5a6a9b9\" data-element_type=\"widget\" data-e-type=\"widget\" data-widget_type=\"text-editor.default\">\n\t\t\t\t<div class=\"elementor-widget-container\">\n\t\t\t\t\t\t\t\t\t<p><span style=\"text-decoration: underline;\"><strong>No ownership:<\/strong><\/span> <br \/>In a private lease contract, you do not become the owner of the vehicle. You rent it for a specific period. At the end of the contract, you return the vehicle to the leasing provider.<\/p>\t\t\t\t\t\t\t\t<\/div>\n\t\t\t\t<\/div>\n\t\t\t\t<div class=\"elementor-element elementor-element-bad7f59 elementor-widget elementor-widget-text-editor\" data-id=\"bad7f59\" data-element_type=\"widget\" data-e-type=\"widget\" data-widget_type=\"text-editor.default\">\n\t\t\t\t<div class=\"elementor-widget-container\">\n\t\t\t\t\t\t\t\t\t<p><span style=\"text-decoration: underline;\"><strong>Foreseeable costs:<\/strong><\/span> <br \/>Private lease costs are more predictable because they are included in the monthly payments. This makes budgeting easier.<\/p>\t\t\t\t\t\t\t\t<\/div>\n\t\t\t\t<\/div>\n\t\t\t\t<div class=\"elementor-element elementor-element-07ce333 elementor-widget elementor-widget-text-editor\" data-id=\"07ce333\" data-element_type=\"widget\" data-e-type=\"widget\" data-widget_type=\"text-editor.default\">\n\t\t\t\t<div class=\"elementor-widget-container\">\n\t\t\t\t\t\t\t\t\t<p><span style=\"text-decoration: underline;\"><strong>CONCLUSION :<\/strong><\/span> <br \/>If your savings are limited or non-existent, the private lease becomes the best option to consider. Indeed, in all cases, you will have to finance the purchase of your vehicle, which involves interest costs.\u00a0<\/p><p>Monthly repayments are lower than a purchase on credit, because you only finance the use of the car<\/p>\t\t\t\t\t\t\t\t<\/div>\n\t\t\t\t<\/div>\n\t\t\t\t\t<\/div>\n\t\t\t\t<\/div>\n\t\t\t\t\t<\/div>\n\t\t\t\t<\/div>\n\t\t\t\t<\/div>","protected":false},"excerpt":{"rendered":"<p>Le private lease : Le leasing pour particulier Le private lease automobile, \u00e9galement connu sous le nom de leasing pour particuliers, est un contrat de location \u00e0 long terme qui permet \u00e0 un individu de louer un v\u00e9hicule neuf pour une p\u00e9riode d\u00e9termin\u00e9e, g\u00e9n\u00e9ralement de 2 \u00e0 5 ans, moyennant des paiements mensuels fixes. Le [&hellip;]<\/p>\n","protected":false},"author":8,"featured_media":0,"parent":0,"menu_order":0,"comment_status":"closed","ping_status":"closed","template":"elementor_header_footer","meta":{"footnotes":""},"class_list":["post-176","page","type-page","status-publish","hentry"],"_links":{"self":[{"href":"https:\/\/www.jjfin.be\/en\/wp-json\/wp\/v2\/pages\/176","targetHints":{"allow":["GET"]}}],"collection":[{"href":"https:\/\/www.jjfin.be\/en\/wp-json\/wp\/v2\/pages"}],"about":[{"href":"https:\/\/www.jjfin.be\/en\/wp-json\/wp\/v2\/types\/page"}],"author":[{"embeddable":true,"href":"https:\/\/www.jjfin.be\/en\/wp-json\/wp\/v2\/users\/8"}],"replies":[{"embeddable":true,"href":"https:\/\/www.jjfin.be\/en\/wp-json\/wp\/v2\/comments?post=176"}],"version-history":[{"count":10,"href":"https:\/\/www.jjfin.be\/en\/wp-json\/wp\/v2\/pages\/176\/revisions"}],"predecessor-version":[{"id":249,"href":"https:\/\/www.jjfin.be\/en\/wp-json\/wp\/v2\/pages\/176\/revisions\/249"}],"wp:attachment":[{"href":"https:\/\/www.jjfin.be\/en\/wp-json\/wp\/v2\/media?parent=176"}],"curies":[{"name":"wp","href":"https:\/\/api.w.org\/{rel}","templated":true}]}}