{"id":37,"date":"2023-09-17T21:35:21","date_gmt":"2023-09-17T21:35:21","guid":{"rendered":"https:\/\/jjfin.wtb.agency\/?page_id=37"},"modified":"2023-09-25T09:14:54","modified_gmt":"2023-09-25T09:14:54","slug":"leasing","status":"publish","type":"page","link":"https:\/\/www.jjfin.be\/en\/leasing\/","title":{"rendered":"leasing"},"content":{"rendered":"<div data-elementor-type=\"wp-page\" data-elementor-id=\"37\" class=\"elementor elementor-37\" data-elementor-post-type=\"page\">\n\t\t\t\t<div class=\"elementor-element elementor-element-ba6e497 e-flex e-con-boxed e-con e-parent\" data-id=\"ba6e497\" data-element_type=\"container\" data-e-type=\"container\" data-settings=\"{&quot;background_background&quot;:&quot;gradient&quot;}\">\n\t\t\t\t\t<div class=\"e-con-inner\">\n\t\t\t\t<div class=\"elementor-element elementor-element-74d07ea elementor-widget elementor-widget-image\" data-id=\"74d07ea\" data-element_type=\"widget\" data-e-type=\"widget\" data-widget_type=\"image.default\">\n\t\t\t\t<div class=\"elementor-widget-container\">\n\t\t\t\t\t\t\t\t\t\t\t\t\t\t\t<img fetchpriority=\"high\" decoding=\"async\" width=\"612\" height=\"280\" src=\"https:\/\/www.jjfin.be\/wp-content\/uploads\/sites\/60\/2023\/09\/jjfin-logo-white2.png\" class=\"attachment-full size-full wp-image-13\" alt=\"\" srcset=\"https:\/\/www.jjfin.be\/wp-content\/uploads\/sites\/60\/2023\/09\/jjfin-logo-white2.png 612w, https:\/\/www.jjfin.be\/wp-content\/uploads\/sites\/60\/2023\/09\/jjfin-logo-white2-300x137.png 300w\" sizes=\"(max-width: 612px) 100vw, 612px\" \/>\t\t\t\t\t\t\t\t\t\t\t\t\t\t\t<\/div>\n\t\t\t\t<\/div>\n\t\t\t\t<div class=\"elementor-element elementor-element-ed4f706 elementor-widget elementor-widget-heading\" data-id=\"ed4f706\" data-element_type=\"widget\" data-e-type=\"widget\" data-widget_type=\"heading.default\">\n\t\t\t\t<div class=\"elementor-widget-container\">\n\t\t\t\t\t<h2 class=\"elementor-heading-title elementor-size-default\">Leasing: An all-inclusive formula<\/h2>\t\t\t\t<\/div>\n\t\t\t\t<\/div>\n\t\t\t\t<div class=\"elementor-element elementor-element-4c21532 elementor-widget elementor-widget-text-editor\" data-id=\"4c21532\" data-element_type=\"widget\" data-e-type=\"widget\" data-widget_type=\"text-editor.default\">\n\t\t\t\t<div class=\"elementor-widget-container\">\n\t\t\t\t\t\t\t\t\t<p>If you need a company vehicle, consider leasing it long-term. <br \/>Also known as operational leasing, this approach offers you an \u201call-inclusive\u201d solution for acquiring the vehicle that meets your needs, while delegating management to a trusted leasing company.<br \/><br \/>The price paid each month covers not only the vehicle itself, but also maintenance costs, insurance and all applicable taxes. In addition, you have the possibility to personalize your contract by adding options that match your preferences.<\/p>\t\t\t\t\t\t\t\t<\/div>\n\t\t\t\t<\/div>\n\t\t\t\t\t<\/div>\n\t\t\t\t<\/div>\n\t\t<div class=\"elementor-element elementor-element-988641e e-flex e-con-boxed e-con e-parent\" data-id=\"988641e\" data-element_type=\"container\" data-e-type=\"container\">\n\t\t\t\t\t<div class=\"e-con-inner\">\n\t\t<div class=\"elementor-element elementor-element-7b4f20f e-con-full e-flex e-con e-child\" data-id=\"7b4f20f\" data-element_type=\"container\" data-e-type=\"container\">\n\t\t\t\t<div class=\"elementor-element elementor-element-6306216 elementor-widget elementor-widget-heading\" data-id=\"6306216\" data-element_type=\"widget\" data-e-type=\"widget\" data-widget_type=\"heading.default\">\n\t\t\t\t<div class=\"elementor-widget-container\">\n\t\t\t\t\t<h2 class=\"elementor-heading-title elementor-size-default\">Advantages<\/h2>\t\t\t\t<\/div>\n\t\t\t\t<\/div>\n\t\t\t\t<div class=\"elementor-element elementor-element-976baff elementor-widget elementor-widget-text-editor\" data-id=\"976baff\" data-element_type=\"widget\" data-e-type=\"widget\" data-widget_type=\"text-editor.default\">\n\t\t\t\t<div class=\"elementor-widget-container\">\n\t\t\t\t\t\t\t\t\t<p>operational leasing<\/p>\t\t\t\t\t\t\t\t<\/div>\n\t\t\t\t<\/div>\n\t\t\t\t<\/div>\n\t\t<div class=\"elementor-element elementor-element-304945a e-con-full e-flex e-con e-child\" data-id=\"304945a\" data-element_type=\"container\" data-e-type=\"container\">\n\t\t\t\t<div class=\"elementor-element elementor-element-2ee0e3c elementor-widget elementor-widget-text-editor\" data-id=\"2ee0e3c\" data-element_type=\"widget\" data-e-type=\"widget\" data-widget_type=\"text-editor.default\">\n\t\t\t\t<div class=\"elementor-widget-container\">\n\t\t\t\t\t\t\t\t\t<ul><li><strong><span style=\"text-decoration: underline;\">Tax advantage<\/span>L<\/strong> : You can count rental costs as deductible expenses. Interest is fully tax deductible, while the deductibility of other car costs varies depending on the vehicle&#039;s CO\u00b2 emissions, ranging from 100 % for the most environmentally friendly vehicles to 40 % for the most polluting models.<br \/><br \/><\/li><li><p><span style=\"text-decoration: underline;\"><strong>Simplified cost management<\/strong> :<\/span> Leasing offers the possibility of combining all costs related to a vehicle into a single monthly payment. This often includes maintenance, insurance, taxes and management fees. This cost consolidation simplifies budgeting and allows companies to better control their vehicle fleet expenses.<\/p><\/li><\/ul>\t\t\t\t\t\t\t\t<\/div>\n\t\t\t\t<\/div>\n\t\t\t\t<\/div>\n\t\t\t\t\t<\/div>\n\t\t\t\t<\/div>\n\t\t<div class=\"elementor-element elementor-element-533339e e-flex e-con-boxed e-con e-parent\" data-id=\"533339e\" data-element_type=\"container\" data-e-type=\"container\">\n\t\t\t\t\t<div class=\"e-con-inner\">\n\t\t<div class=\"elementor-element elementor-element-37340ce e-con-full e-flex e-con e-child\" data-id=\"37340ce\" data-element_type=\"container\" data-e-type=\"container\">\n\t\t\t\t<div class=\"elementor-element elementor-element-a8891c7 elementor-widget elementor-widget-text-editor\" data-id=\"a8891c7\" data-element_type=\"widget\" data-e-type=\"widget\" data-widget_type=\"text-editor.default\">\n\t\t\t\t<div class=\"elementor-widget-container\">\n\t\t\t\t\t\t\t\t\t<ul><li><span style=\"text-decoration: underline;\"><strong>Flexibility<\/strong><\/span> : Leasing contracts are often flexible, meaning companies can adjust the contract length, annual mileage and other terms to fit their specific needs. This helps adapt to changes in fleet size or changing business needs.<br \/><br \/><\/li><li><span style=\"text-decoration: underline;\"><strong>Recent vehicle fleet<\/strong> <\/span>: Leasing contracts generally have a fixed term (e.g. 2 to 4 years), at the end of which the vehicles are replaced with newer models. This allows the company to have a fleet of vehicles that is always up to date in terms of technology and safety, which can be an advantage for the image of the company and the safety of its employees.<\/li><\/ul>\t\t\t\t\t\t\t\t<\/div>\n\t\t\t\t<\/div>\n\t\t\t\t<\/div>\n\t\t<div class=\"elementor-element elementor-element-8700af9 e-con-full e-flex e-con e-child\" data-id=\"8700af9\" data-element_type=\"container\" data-e-type=\"container\">\n\t\t\t\t<div class=\"elementor-element elementor-element-beeac5a elementor-widget elementor-widget-text-editor\" data-id=\"beeac5a\" data-element_type=\"widget\" data-e-type=\"widget\" data-widget_type=\"text-editor.default\">\n\t\t\t\t<div class=\"elementor-widget-container\">\n\t\t\t\t\t\t\t\t\t<ul><li><span style=\"text-decoration: underline;\"><strong>Access to a variety of vehicles<\/strong> <\/span>: Leasing offers a wide range of vehicle choices, allowing companies to select specific models based on the needs of their employees, whether it be commercial vehicles, luxury cars or energy-efficient vehicles.<br \/><br \/><\/li><li><p><span style=\"text-decoration: underline;\"><strong>Logistics support<\/strong> :<\/span> Leasing companies often offer fleet management services that facilitate maintenance, repair, tires, replacement vehicles, and other aspects of fleet management, allowing businesses to focus on their business. main.<\/p><\/li><li><span style=\"text-decoration: underline;\"><strong>No resale constraint<\/strong> <\/span>: With leasing, the company does not have to worry about reselling vehicles at the end of their useful life. Once the contract is complete, the vehicle is simply returned to the leasing provider, eliminating the hassle associated with resale.<\/li><\/ul>\t\t\t\t\t\t\t\t<\/div>\n\t\t\t\t<\/div>\n\t\t\t\t<\/div>\n\t\t\t\t\t<\/div>\n\t\t\t\t<\/div>\n\t\t<div class=\"elementor-element elementor-element-f1e607f e-flex e-con-boxed e-con e-parent\" data-id=\"f1e607f\" data-element_type=\"container\" data-e-type=\"container\" data-settings=\"{&quot;background_background&quot;:&quot;classic&quot;}\">\n\t\t\t\t\t<div class=\"e-con-inner\">\n\t\t\t\t<div class=\"elementor-element elementor-element-532fd9d elementor-widget elementor-widget-heading\" data-id=\"532fd9d\" data-element_type=\"widget\" data-e-type=\"widget\" data-widget_type=\"heading.default\">\n\t\t\t\t<div class=\"elementor-widget-container\">\n\t\t\t\t\t<h2 class=\"elementor-heading-title elementor-size-default\">What is the difference \n<br>between operational leasing and renting? <\/h2>\t\t\t\t<\/div>\n\t\t\t\t<\/div>\n\t\t\t\t<div class=\"elementor-element elementor-element-c2e49d1 elementor-align-center elementor-widget elementor-widget-button\" data-id=\"c2e49d1\" data-element_type=\"widget\" data-e-type=\"widget\" data-widget_type=\"button.default\">\n\t\t\t\t<div class=\"elementor-widget-container\">\n\t\t\t\t\t\t\t\t\t<div class=\"elementor-button-wrapper\">\n\t\t\t\t\t<a class=\"elementor-button elementor-button-link elementor-size-sm\" href=\"https:\/\/www.jjfin.be\/en\/difference-entre-renting-et-leasing\/\">\n\t\t\t\t\t\t<span class=\"elementor-button-content-wrapper\">\n\t\t\t\t\t\t\t\t\t<span class=\"elementor-button-text\">Learn more <\/span>\n\t\t\t\t\t<\/span>\n\t\t\t\t\t<\/a>\n\t\t\t\t<\/div>\n\t\t\t\t\t\t\t\t<\/div>\n\t\t\t\t<\/div>\n\t\t\t\t\t<\/div>\n\t\t\t\t<\/div>\n\t\t<div class=\"elementor-element elementor-element-fc3bf47 e-flex e-con-boxed e-con e-parent\" data-id=\"fc3bf47\" data-element_type=\"container\" data-e-type=\"container\">\n\t\t\t\t\t<div class=\"e-con-inner\">\n\t\t<div class=\"elementor-element elementor-element-4a9859c e-con-full e-flex e-con e-child\" data-id=\"4a9859c\" data-element_type=\"container\" data-e-type=\"container\">\n\t\t\t\t<div class=\"elementor-element elementor-element-b1fcdc0 elementor-widget elementor-widget-heading\" data-id=\"b1fcdc0\" data-element_type=\"widget\" data-e-type=\"widget\" data-widget_type=\"heading.default\">\n\t\t\t\t<div class=\"elementor-widget-container\">\n\t\t\t\t\t<h2 class=\"elementor-heading-title elementor-size-default\">What is the price ? <\/h2>\t\t\t\t<\/div>\n\t\t\t\t<\/div>\n\t\t\t\t<div class=\"elementor-element elementor-element-182f13c elementor-widget elementor-widget-text-editor\" data-id=\"182f13c\" data-element_type=\"widget\" data-e-type=\"widget\" data-widget_type=\"text-editor.default\">\n\t\t\t\t<div class=\"elementor-widget-container\">\n\t\t\t\t\t\t\t\t\t<p>of a leased car<\/p>\t\t\t\t\t\t\t\t<\/div>\n\t\t\t\t<\/div>\n\t\t\t\t<\/div>\n\t\t<div class=\"elementor-element elementor-element-4e29b1c e-con-full e-flex e-con e-child\" data-id=\"4e29b1c\" data-element_type=\"container\" data-e-type=\"container\">\n\t\t\t\t<div class=\"elementor-element elementor-element-4ba7f83 elementor-widget elementor-widget-text-editor\" data-id=\"4ba7f83\" data-element_type=\"widget\" data-e-type=\"widget\" data-widget_type=\"text-editor.default\">\n\t\t\t\t<div class=\"elementor-widget-container\">\n\t\t\t\t\t\t\t\t\t<p>The price of a leased car can vary significantly depending on several factors.\u00a0<\/p><p>It is important to note that the total cost of leasing is generally calculated by including monthly payments, upfront costs (such as application fees and first payment), as well as other costs such as normal wear and tear charges and excess mileage charges if you exceed the agreed annual mileage.<\/p><p>To obtain the exact price of a leasing car, you can ask us for a quote.\u00a0<\/p>\t\t\t\t\t\t\t\t<\/div>\n\t\t\t\t<\/div>\n\t\t\t\t<div class=\"elementor-element elementor-element-357406e elementor-align-left elementor-widget elementor-widget-button\" data-id=\"357406e\" data-element_type=\"widget\" data-e-type=\"widget\" data-widget_type=\"button.default\">\n\t\t\t\t<div class=\"elementor-widget-container\">\n\t\t\t\t\t\t\t\t\t<div class=\"elementor-button-wrapper\">\n\t\t\t\t\t<a class=\"elementor-button elementor-button-link elementor-size-sm\" href=\"mailto:contact@jjfin.be\">\n\t\t\t\t\t\t<span class=\"elementor-button-content-wrapper\">\n\t\t\t\t\t\t\t\t\t<span class=\"elementor-button-text\">Contact us for a quote<\/span>\n\t\t\t\t\t<\/span>\n\t\t\t\t\t<\/a>\n\t\t\t\t<\/div>\n\t\t\t\t\t\t\t\t<\/div>\n\t\t\t\t<\/div>\n\t\t\t\t<\/div>\n\t\t\t\t\t<\/div>\n\t\t\t\t<\/div>\n\t\t<div class=\"elementor-element elementor-element-648f7ad e-flex e-con-boxed e-con e-parent\" data-id=\"648f7ad\" data-element_type=\"container\" data-e-type=\"container\">\n\t\t\t\t\t<div class=\"e-con-inner\">\n\t\t\t\t<div class=\"elementor-element elementor-element-5cd39a8 elementor-widget elementor-widget-text-editor\" data-id=\"5cd39a8\" data-element_type=\"widget\" data-e-type=\"widget\" data-widget_type=\"text-editor.default\">\n\t\t\t\t<div class=\"elementor-widget-container\">\n\t\t\t\t\t\t\t\t\t<p>Factors to consider are:\u00a0<\/p><ul><li><p><strong>The model of the car<\/strong> : The leasing price will depend on the car model you choose. Luxury or high-end cars will generally cost more to rent than economy models.<\/p><\/li><li><p><strong>Residual value<\/strong> : The amount of the car&#039;s residual value at the end of the leasing contract affects the total leasing cost. The lower the residual value, the higher the monthly payments will be.<\/p><\/li><li><p><strong>The duration of the contract<\/strong> : The duration of the leasing contract may vary, generally from 24 to 48 months or more. The longer the contract, the lower the monthly payments can be.<\/p><\/li><li><p><strong>Annual mileage<\/strong> : The number of kilometers you plan to travel each year influences the leasing price. Higher annual mileage will generally result in higher monthly payments.<\/p><\/li><li><p><strong>The conditions of the contract<\/strong> : Contract terms, such as insurance, maintenance and warranty options, can also impact the cost of leasing.<\/p><\/li><li><p><strong>Interest rates<\/strong> : The interest rates charged by the leasing company or financing provider will play a major role in calculating your monthly payments.<\/p><\/li><li><p><strong>Incentives and special offers<\/strong> : Some leasing companies offer special deals or incentives, which can reduce the cost of leasing.<\/p><\/li><\/ul>\t\t\t\t\t\t\t\t<\/div>\n\t\t\t\t<\/div>\n\t\t\t\t\t<\/div>\n\t\t\t\t<\/div>\n\t\t\t\t<\/div>","protected":false},"excerpt":{"rendered":"<p>Le leasing : Une formule tout inclus Si vous avez besoin d&rsquo;un v\u00e9hicule d&rsquo;entreprise, envisagez la possibilit\u00e9 de le louer \u00e0 long terme. \u00c9galement connue sous le nom de leasing [&hellip;]<\/p>\n","protected":false},"author":8,"featured_media":0,"parent":0,"menu_order":0,"comment_status":"closed","ping_status":"closed","template":"elementor_header_footer","meta":{"footnotes":""},"class_list":["post-37","page","type-page","status-publish","hentry"],"_links":{"self":[{"href":"https:\/\/www.jjfin.be\/en\/wp-json\/wp\/v2\/pages\/37","targetHints":{"allow":["GET"]}}],"collection":[{"href":"https:\/\/www.jjfin.be\/en\/wp-json\/wp\/v2\/pages"}],"about":[{"href":"https:\/\/www.jjfin.be\/en\/wp-json\/wp\/v2\/types\/page"}],"author":[{"embeddable":true,"href":"https:\/\/www.jjfin.be\/en\/wp-json\/wp\/v2\/users\/8"}],"replies":[{"embeddable":true,"href":"https:\/\/www.jjfin.be\/en\/wp-json\/wp\/v2\/comments?post=37"}],"version-history":[{"count":10,"href":"https:\/\/www.jjfin.be\/en\/wp-json\/wp\/v2\/pages\/37\/revisions"}],"predecessor-version":[{"id":240,"href":"https:\/\/www.jjfin.be\/en\/wp-json\/wp\/v2\/pages\/37\/revisions\/240"}],"wp:attachment":[{"href":"https:\/\/www.jjfin.be\/en\/wp-json\/wp\/v2\/media?parent=37"}],"curies":[{"name":"wp","href":"https:\/\/api.w.org\/{rel}","templated":true}]}}