{"id":42,"date":"2023-09-17T22:41:43","date_gmt":"2023-09-17T22:41:43","guid":{"rendered":"https:\/\/jjfin.wtb.agency\/?page_id=42"},"modified":"2023-09-25T09:15:20","modified_gmt":"2023-09-25T09:15:20","slug":"renting","status":"publish","type":"page","link":"https:\/\/www.jjfin.be\/en\/renting\/","title":{"rendered":"rental"},"content":{"rendered":"<div data-elementor-type=\"wp-page\" data-elementor-id=\"42\" class=\"elementor elementor-42\" data-elementor-post-type=\"page\">\n\t\t\t\t<div class=\"elementor-element elementor-element-ba6e497 e-flex e-con-boxed e-con e-parent\" data-id=\"ba6e497\" data-element_type=\"container\" data-e-type=\"container\" data-settings=\"{&quot;background_background&quot;:&quot;gradient&quot;}\">\n\t\t\t\t\t<div class=\"e-con-inner\">\n\t\t\t\t<div class=\"elementor-element elementor-element-74d07ea elementor-widget elementor-widget-image\" data-id=\"74d07ea\" data-element_type=\"widget\" data-e-type=\"widget\" data-widget_type=\"image.default\">\n\t\t\t\t<div class=\"elementor-widget-container\">\n\t\t\t\t\t\t\t\t\t\t\t\t\t\t\t<img fetchpriority=\"high\" decoding=\"async\" width=\"612\" height=\"280\" src=\"https:\/\/www.jjfin.be\/wp-content\/uploads\/sites\/60\/2023\/09\/jjfin-logo-white2.png\" class=\"attachment-full size-full wp-image-13\" alt=\"\" srcset=\"https:\/\/www.jjfin.be\/wp-content\/uploads\/sites\/60\/2023\/09\/jjfin-logo-white2.png 612w, https:\/\/www.jjfin.be\/wp-content\/uploads\/sites\/60\/2023\/09\/jjfin-logo-white2-300x137.png 300w\" sizes=\"(max-width: 612px) 100vw, 612px\" \/>\t\t\t\t\t\t\t\t\t\t\t\t\t\t\t<\/div>\n\t\t\t\t<\/div>\n\t\t\t\t<div class=\"elementor-element elementor-element-ed4f706 elementor-widget elementor-widget-heading\" data-id=\"ed4f706\" data-element_type=\"widget\" data-e-type=\"widget\" data-widget_type=\"heading.default\">\n\t\t\t\t<div class=\"elementor-widget-container\">\n\t\t\t\t\t<h2 class=\"elementor-heading-title elementor-size-default\">Renting: Long-term rental<\/h2>\t\t\t\t<\/div>\n\t\t\t\t<\/div>\n\t\t\t\t<div class=\"elementor-element elementor-element-4c21532 elementor-widget elementor-widget-text-editor\" data-id=\"4c21532\" data-element_type=\"widget\" data-e-type=\"widget\" data-widget_type=\"text-editor.default\">\n\t\t\t\t<div class=\"elementor-widget-container\">\n\t\t\t\t\t\t\t\t\t<p>In renting, your company enters into a contract with a leasing company for the rental of a company car, with precise terms regarding duration, mileage and cost. The leasing company then assumes economic ownership, meaning it remains the owner of the car until the customer has paid the loan in full.\u00a0<\/p><p>As a result, your company does not need to include the car in its balance sheet, which does not affect its debt level. Monthly payments are counted as expenses. At the end of the contract, you have the option to purchase the vehicle, with a minimum residual value of 16 %.<\/p>\t\t\t\t\t\t\t\t<\/div>\n\t\t\t\t<\/div>\n\t\t\t\t\t<\/div>\n\t\t\t\t<\/div>\n\t\t<div class=\"elementor-element elementor-element-988641e e-flex e-con-boxed e-con e-parent\" data-id=\"988641e\" data-element_type=\"container\" data-e-type=\"container\">\n\t\t\t\t\t<div class=\"e-con-inner\">\n\t\t<div class=\"elementor-element elementor-element-7b4f20f e-con-full e-flex e-con e-child\" data-id=\"7b4f20f\" data-element_type=\"container\" data-e-type=\"container\">\n\t\t\t\t<div class=\"elementor-element elementor-element-6306216 elementor-widget elementor-widget-heading\" data-id=\"6306216\" data-element_type=\"widget\" data-e-type=\"widget\" data-widget_type=\"heading.default\">\n\t\t\t\t<div class=\"elementor-widget-container\">\n\t\t\t\t\t<h2 class=\"elementor-heading-title elementor-size-default\">Advantages<\/h2>\t\t\t\t<\/div>\n\t\t\t\t<\/div>\n\t\t\t\t<div class=\"elementor-element elementor-element-976baff elementor-widget elementor-widget-text-editor\" data-id=\"976baff\" data-element_type=\"widget\" data-e-type=\"widget\" data-widget_type=\"text-editor.default\">\n\t\t\t\t<div class=\"elementor-widget-container\">\n\t\t\t\t\t\t\t\t\t<p>renting<\/p>\t\t\t\t\t\t\t\t<\/div>\n\t\t\t\t<\/div>\n\t\t\t\t<\/div>\n\t\t<div class=\"elementor-element elementor-element-304945a e-con-full e-flex e-con e-child\" data-id=\"304945a\" data-element_type=\"container\" data-e-type=\"container\">\n\t\t\t\t<div class=\"elementor-element elementor-element-2ee0e3c elementor-widget elementor-widget-text-editor\" data-id=\"2ee0e3c\" data-element_type=\"widget\" data-e-type=\"widget\" data-widget_type=\"text-editor.default\">\n\t\t\t\t<div class=\"elementor-widget-container\">\n\t\t\t\t\t\t\t\t\t<ul><li><p><span style=\"text-decoration: underline;\"><strong>Maintain the company&#039;s borrowing capacity<\/strong>\u00a0<\/span>: No additional guarantee is generally required. You therefore keep your guarantees for other loans and have additional margin to finance your operating capital and consider other investments.<\/p><\/li><li><p><span style=\"text-decoration: underline;\"><strong>Monthly bills are expenses<\/strong>\u00a0:<\/span> Renting does not include any miscellaneous services (such as regular vehicle maintenance, repairs, assistance services, car insurance, or tires.).<\/p><\/li><li><p><span style=\"text-decoration: underline;\"><strong>Purchase price defined in advance\u00a0<\/strong>:<\/span> At the end of the rental contract, the lessee buys back the vehicle at a price defined in advance and which is equivalent to a residual value of between 16 and 20%.\u00a0<\/p><\/li><li><p><span style=\"background-color: transparent; text-decoration-line: underline;\"><strong>Flexibility and customization<\/strong> :<\/span><span style=\"background-color: transparent;\"> The car rental contract can be adapted to the specific needs of the tenant, with regard to the duration of the contract, the vehicle model, the annual mileage.<\/span><\/p><\/li><\/ul>\t\t\t\t\t\t\t\t<\/div>\n\t\t\t\t<\/div>\n\t\t\t\t<\/div>\n\t\t\t\t\t<\/div>\n\t\t\t\t<\/div>\n\t\t<div class=\"elementor-element elementor-element-f1e607f e-flex e-con-boxed e-con e-parent\" data-id=\"f1e607f\" data-element_type=\"container\" data-e-type=\"container\" data-settings=\"{&quot;background_background&quot;:&quot;classic&quot;}\">\n\t\t\t\t\t<div class=\"e-con-inner\">\n\t\t\t\t<div class=\"elementor-element elementor-element-532fd9d elementor-widget elementor-widget-heading\" data-id=\"532fd9d\" data-element_type=\"widget\" data-e-type=\"widget\" data-widget_type=\"heading.default\">\n\t\t\t\t<div class=\"elementor-widget-container\">\n\t\t\t\t\t<h2 class=\"elementor-heading-title elementor-size-default\">What is the difference \n<br>between operational leasing and renting? <\/h2>\t\t\t\t<\/div>\n\t\t\t\t<\/div>\n\t\t\t\t<div class=\"elementor-element elementor-element-c2e49d1 elementor-align-center elementor-widget elementor-widget-button\" data-id=\"c2e49d1\" data-element_type=\"widget\" data-e-type=\"widget\" data-widget_type=\"button.default\">\n\t\t\t\t<div class=\"elementor-widget-container\">\n\t\t\t\t\t\t\t\t\t<div class=\"elementor-button-wrapper\">\n\t\t\t\t\t<a class=\"elementor-button elementor-button-link elementor-size-sm\" href=\"https:\/\/www.jjfin.be\/en\/difference-entre-renting-et-leasing\/\">\n\t\t\t\t\t\t<span class=\"elementor-button-content-wrapper\">\n\t\t\t\t\t\t\t\t\t<span class=\"elementor-button-text\">Learn more <\/span>\n\t\t\t\t\t<\/span>\n\t\t\t\t\t<\/a>\n\t\t\t\t<\/div>\n\t\t\t\t\t\t\t\t<\/div>\n\t\t\t\t<\/div>\n\t\t\t\t\t<\/div>\n\t\t\t\t<\/div>\n\t\t<div class=\"elementor-element elementor-element-fc3bf47 e-flex e-con-boxed e-con e-parent\" data-id=\"fc3bf47\" data-element_type=\"container\" data-e-type=\"container\">\n\t\t\t\t\t<div class=\"e-con-inner\">\n\t\t<div class=\"elementor-element elementor-element-4a9859c e-con-full e-flex e-con e-child\" data-id=\"4a9859c\" data-element_type=\"container\" data-e-type=\"container\">\n\t\t\t\t<div class=\"elementor-element elementor-element-b1fcdc0 elementor-widget elementor-widget-heading\" data-id=\"b1fcdc0\" data-element_type=\"widget\" data-e-type=\"widget\" data-widget_type=\"heading.default\">\n\t\t\t\t<div class=\"elementor-widget-container\">\n\t\t\t\t\t<h2 class=\"elementor-heading-title elementor-size-default\">What is the price ?<\/h2>\t\t\t\t<\/div>\n\t\t\t\t<\/div>\n\t\t\t\t<div class=\"elementor-element elementor-element-182f13c elementor-widget elementor-widget-text-editor\" data-id=\"182f13c\" data-element_type=\"widget\" data-e-type=\"widget\" data-widget_type=\"text-editor.default\">\n\t\t\t\t<div class=\"elementor-widget-container\">\n\t\t\t\t\t\t\t\t\t<p>of a rented car<\/p>\t\t\t\t\t\t\t\t<\/div>\n\t\t\t\t<\/div>\n\t\t\t\t<\/div>\n\t\t<div class=\"elementor-element elementor-element-4e29b1c e-con-full e-flex e-con e-child\" data-id=\"4e29b1c\" data-element_type=\"container\" data-e-type=\"container\">\n\t\t\t\t<div class=\"elementor-element elementor-element-4ba7f83 elementor-widget elementor-widget-text-editor\" data-id=\"4ba7f83\" data-element_type=\"widget\" data-e-type=\"widget\" data-widget_type=\"text-editor.default\">\n\t\t\t\t<div class=\"elementor-widget-container\">\n\t\t\t\t\t\t\t\t\t<p>The price of renting a car can vary considerably depending on several factors.\u00a0<\/p><p>To obtain the exact price of a car rental, you can ask us for a quote.\u00a0<\/p>\t\t\t\t\t\t\t\t<\/div>\n\t\t\t\t<\/div>\n\t\t\t\t<div class=\"elementor-element elementor-element-357406e elementor-align-left elementor-widget elementor-widget-button\" data-id=\"357406e\" data-element_type=\"widget\" data-e-type=\"widget\" data-widget_type=\"button.default\">\n\t\t\t\t<div class=\"elementor-widget-container\">\n\t\t\t\t\t\t\t\t\t<div class=\"elementor-button-wrapper\">\n\t\t\t\t\t<a class=\"elementor-button elementor-button-link elementor-size-sm\" href=\"mailto:contact@jjfin.be\">\n\t\t\t\t\t\t<span class=\"elementor-button-content-wrapper\">\n\t\t\t\t\t\t\t\t\t<span class=\"elementor-button-text\">Contact us for a quote<\/span>\n\t\t\t\t\t<\/span>\n\t\t\t\t\t<\/a>\n\t\t\t\t<\/div>\n\t\t\t\t\t\t\t\t<\/div>\n\t\t\t\t<\/div>\n\t\t\t\t<\/div>\n\t\t\t\t\t<\/div>\n\t\t\t\t<\/div>\n\t\t<div class=\"elementor-element elementor-element-648f7ad e-flex e-con-boxed e-con e-parent\" data-id=\"648f7ad\" data-element_type=\"container\" data-e-type=\"container\">\n\t\t\t\t\t<div class=\"e-con-inner\">\n\t\t\t\t<div class=\"elementor-element elementor-element-5cd39a8 elementor-widget elementor-widget-text-editor\" data-id=\"5cd39a8\" data-element_type=\"widget\" data-e-type=\"widget\" data-widget_type=\"text-editor.default\">\n\t\t\t\t<div class=\"elementor-widget-container\">\n\t\t\t\t\t\t\t\t\t<p>Factors to consider are:\u00a0<\/p><ul><li><strong>The model of the car<\/strong> : The choice of car model has a major impact on the cost of Renting. Luxury or high-end vehicles will generally cost more to rent than economy cars.<\/li><li><strong>The duration of the contract<\/strong> : The longer the duration of the Renting contract, the lower the monthly payments can be. However, a longer duration may also result in a higher total cost.<\/li><li><strong>Annual mileage<\/strong> : The annual mileage agreed in the Renting contract affects the monthly payments. If you plan to travel more kilometers than stipulated in the contract, this may incur additional costs.<\/li><li><strong>Services included<\/strong> : Renting may include insurance.\u00a0<\/li><li><strong>Special offers<\/strong> : Some leasing companies offer special offers, promotions or discounts, which can reduce the cost of Renting.<\/li><li><strong>The initial contribution<\/strong> : The amount you initially pay as a deposit or down payment can also influence monthly payments. A higher down payment can reduce monthly payments.<\/li><li><strong>Insurance<\/strong> : The cost of car insurance is generally not included in the Renting contract. But if the customer wishes to include it in the Renting, the amount of the insurance is integrated into the monthly payment.<\/li><li><strong>The taxes<\/strong> : Taxes, such as the registration tax (TMC) and the annual road tax, may vary depending on the region or country, but they are not taken into account in the total cost of the Renting.<\/li><\/ul>\t\t\t\t\t\t\t\t<\/div>\n\t\t\t\t<\/div>\n\t\t\t\t\t<\/div>\n\t\t\t\t<\/div>\n\t\t\t\t<\/div>","protected":false},"excerpt":{"rendered":"<p>Le renting : La location longue dur\u00e9e Dans le cadre du renting, votre entreprise conclut un contrat avec une soci\u00e9t\u00e9 de leasing pour la location d&rsquo;une voiture de soci\u00e9t\u00e9, avec [&hellip;]<\/p>\n","protected":false},"author":8,"featured_media":0,"parent":0,"menu_order":0,"comment_status":"closed","ping_status":"closed","template":"elementor_header_footer","meta":{"footnotes":""},"class_list":["post-42","page","type-page","status-publish","hentry"],"_links":{"self":[{"href":"https:\/\/www.jjfin.be\/en\/wp-json\/wp\/v2\/pages\/42","targetHints":{"allow":["GET"]}}],"collection":[{"href":"https:\/\/www.jjfin.be\/en\/wp-json\/wp\/v2\/pages"}],"about":[{"href":"https:\/\/www.jjfin.be\/en\/wp-json\/wp\/v2\/types\/page"}],"author":[{"embeddable":true,"href":"https:\/\/www.jjfin.be\/en\/wp-json\/wp\/v2\/users\/8"}],"replies":[{"embeddable":true,"href":"https:\/\/www.jjfin.be\/en\/wp-json\/wp\/v2\/comments?post=42"}],"version-history":[{"count":10,"href":"https:\/\/www.jjfin.be\/en\/wp-json\/wp\/v2\/pages\/42\/revisions"}],"predecessor-version":[{"id":243,"href":"https:\/\/www.jjfin.be\/en\/wp-json\/wp\/v2\/pages\/42\/revisions\/243"}],"wp:attachment":[{"href":"https:\/\/www.jjfin.be\/en\/wp-json\/wp\/v2\/media?parent=42"}],"curies":[{"name":"wp","href":"https:\/\/api.w.org\/{rel}","templated":true}]}}