{"id":50,"date":"2023-09-17T23:00:37","date_gmt":"2023-09-17T23:00:37","guid":{"rendered":"https:\/\/jjfin.wtb.agency\/?page_id=50"},"modified":"2023-09-25T09:15:41","modified_gmt":"2023-09-25T09:15:41","slug":"difference-entre-renting-et-leasing","status":"publish","type":"page","link":"https:\/\/www.jjfin.be\/en\/difference-entre-renting-et-leasing\/","title":{"rendered":"difference between renting and leasing"},"content":{"rendered":"<div data-elementor-type=\"wp-page\" data-elementor-id=\"50\" class=\"elementor elementor-50\" data-elementor-post-type=\"page\">\n\t\t\t\t<div class=\"elementor-element elementor-element-ba6e497 e-flex e-con-boxed e-con e-parent\" data-id=\"ba6e497\" data-element_type=\"container\" data-e-type=\"container\" data-settings=\"{&quot;background_background&quot;:&quot;gradient&quot;}\">\n\t\t\t\t\t<div class=\"e-con-inner\">\n\t\t\t\t<div class=\"elementor-element elementor-element-74d07ea elementor-widget elementor-widget-image\" data-id=\"74d07ea\" data-element_type=\"widget\" data-e-type=\"widget\" data-widget_type=\"image.default\">\n\t\t\t\t<div class=\"elementor-widget-container\">\n\t\t\t\t\t\t\t\t\t\t\t\t\t\t\t<img fetchpriority=\"high\" decoding=\"async\" width=\"612\" height=\"280\" src=\"https:\/\/www.jjfin.be\/wp-content\/uploads\/sites\/60\/2023\/09\/jjfin-logo-white2.png\" class=\"attachment-full size-full wp-image-13\" alt=\"\" srcset=\"https:\/\/www.jjfin.be\/wp-content\/uploads\/sites\/60\/2023\/09\/jjfin-logo-white2.png 612w, https:\/\/www.jjfin.be\/wp-content\/uploads\/sites\/60\/2023\/09\/jjfin-logo-white2-300x137.png 300w\" sizes=\"(max-width: 612px) 100vw, 612px\" \/>\t\t\t\t\t\t\t\t\t\t\t\t\t\t\t<\/div>\n\t\t\t\t<\/div>\n\t\t\t\t<div class=\"elementor-element elementor-element-ed4f706 elementor-widget elementor-widget-heading\" data-id=\"ed4f706\" data-element_type=\"widget\" data-e-type=\"widget\" data-widget_type=\"heading.default\">\n\t\t\t\t<div class=\"elementor-widget-container\">\n\t\t\t\t\t<h2 class=\"elementor-heading-title elementor-size-default\">Difference between renting &amp; leasing<\/h2>\t\t\t\t<\/div>\n\t\t\t\t<\/div>\n\t\t\t\t<div class=\"elementor-element elementor-element-4c21532 elementor-widget elementor-widget-text-editor\" data-id=\"4c21532\" data-element_type=\"widget\" data-e-type=\"widget\" data-widget_type=\"text-editor.default\">\n\t\t\t\t<div class=\"elementor-widget-container\">\n\t\t\t\t\t\t\t\t\t<p>When it comes to financing the acquisition of a vehicle or equipment, two commonly used options are the <strong>financial rental<\/strong> and the <strong>operational leasing<\/strong>. Although these terms may seem similar, they have important distinctions that impact how acquisition is managed. In this discussion, we will explore these fundamental differences between financial renting and operational leasing in detail, allowing you to make informed decisions about financing for your business or personal needs.<\/p>\t\t\t\t\t\t\t\t<\/div>\n\t\t\t\t<\/div>\n\t\t\t\t\t<\/div>\n\t\t\t\t<\/div>\n\t\t<div class=\"elementor-element elementor-element-988641e e-flex e-con-boxed e-con e-parent\" data-id=\"988641e\" data-element_type=\"container\" data-e-type=\"container\">\n\t\t\t\t\t<div class=\"e-con-inner\">\n\t\t<div class=\"elementor-element elementor-element-7b4f20f e-con-full e-flex e-con e-child\" data-id=\"7b4f20f\" data-element_type=\"container\" data-e-type=\"container\">\n\t\t\t\t<div class=\"elementor-element elementor-element-6306216 elementor-widget elementor-widget-heading\" data-id=\"6306216\" data-element_type=\"widget\" data-e-type=\"widget\" data-widget_type=\"heading.default\">\n\t\t\t\t<div class=\"elementor-widget-container\">\n\t\t\t\t\t<h2 class=\"elementor-heading-title elementor-size-default\">Leasing <\/h2>\t\t\t\t<\/div>\n\t\t\t\t<\/div>\n\t\t\t\t<div class=\"elementor-element elementor-element-2ee0e3c elementor-widget elementor-widget-text-editor\" data-id=\"2ee0e3c\" data-element_type=\"widget\" data-e-type=\"widget\" data-widget_type=\"text-editor.default\">\n\t\t\t\t<div class=\"elementor-widget-container\">\n\t\t\t\t\t\t\t\t\t<ul>\n<li>\n<p><span style=\"text-decoration: underline;\"><strong>CONTRACT<\/strong>&nbsp;<\/span>: <br>Leasing contract: monthly capitalization (interest included) by the lessee. Predefined price and duration.&nbsp;<\/p>\n<\/li>\n<li>\n<p><span style=\"text-decoration: underline;\"><b>Owner<\/b>:<\/span> <br>Legal owner: lessor<br>Fiscal &amp; economic owner: lessor&nbsp;<\/p>\n<\/li>\n<li>\n<p><span style=\"text-decoration: underline;\"><strong>Tax<\/strong> :<br><\/span>The vehicle is not on the customer&#039;s balance sheet, therefore no impact on the debt ratio<\/p>\n<\/li>\n<\/ul>\n<ul>\n<li>\n<p><span style=\"text-decoration: underline;\"><strong>Invoices<\/strong> :<br><\/span>Monthly bills are expenses under traditional financing<\/p>\n<\/li>\n<li>\n<p><span style=\"text-decoration: underline;\"><strong>Purchase option<\/strong> :<br><\/span>No purchase option at the end of the contract determined in advance.&nbsp;<\/p>\n<\/li>\n<li>\n<p><span style=\"text-decoration: underline;\"><strong>Administrative management<\/strong> :<br><\/span>Covered by the rental company. Tenant doesn&#039;t take care of anything. (insurance, taxes, maintenance, repairs)&nbsp;<\/p>\n<\/li>\n<\/ul>\t\t\t\t\t\t\t\t<\/div>\n\t\t\t\t<\/div>\n\t\t\t\t<\/div>\n\t\t<div class=\"elementor-element elementor-element-304945a e-con-full e-flex e-con e-child\" data-id=\"304945a\" data-element_type=\"container\" data-e-type=\"container\">\n\t\t\t\t<div class=\"elementor-element elementor-element-5d1ca45 elementor-widget elementor-widget-heading\" data-id=\"5d1ca45\" data-element_type=\"widget\" data-e-type=\"widget\" data-widget_type=\"heading.default\">\n\t\t\t\t<div class=\"elementor-widget-container\">\n\t\t\t\t\t<h2 class=\"elementor-heading-title elementor-size-default\">Renting<\/h2>\t\t\t\t<\/div>\n\t\t\t\t<\/div>\n\t\t\t\t<div class=\"elementor-element elementor-element-03e8578 elementor-widget elementor-widget-text-editor\" data-id=\"03e8578\" data-element_type=\"widget\" data-e-type=\"widget\" data-widget_type=\"text-editor.default\">\n\t\t\t\t<div class=\"elementor-widget-container\">\n\t\t\t\t\t\t\t\t\t<ul>\n<li>\n<p><span style=\"text-decoration: underline;\"><strong>CONTRACT<\/strong>&nbsp;<\/span>:<br>Rental contract with predefined price and duration. Undefined mileage. VS<span style=\"background-color: transparent;\">monthly apitalization (interest included) by the tenant.<\/span><\/p>\n<\/li>\n<\/ul>\n<ul>\n<li>\n<p><span style=\"text-decoration: underline;\"><b>Owner<\/b>:<\/span> <br>Legal owner: tenant<br>Fiscal &amp; economic owner: lessor&nbsp;<\/p>\n<\/li>\n<li>\n<p><span style=\"text-decoration: underline;\"><strong>Tax<\/strong>&nbsp;:<br><\/span><span style=\"background-color: transparent;\">The vehicle is not on the customer&#039;s balance sheet, therefore no impact on the debt ratio<\/span><\/p>\n<\/li>\n<li>\n<p><span style=\"text-decoration: underline;\"><strong>Invoices<\/strong>&nbsp;:<\/span> <br>Monthly bills are expenses&nbsp;<span style=\"background-color: transparent;\">within the framework of traditional financing<\/span><\/p>\n<\/li>\n<li>\n<p><span style=\"text-decoration: underline;\"><strong>Purchase option<\/strong>&nbsp;:<\/span> <br>Residual value at the end of the contract: between 16% and 20% of the investment amount<\/p>\n<\/li>\n<li>\n<p><span style=\"text-decoration: underline;\"><strong>Administrative management<\/strong>&nbsp;:<\/span> <br>Risk management (insurance) is the responsibility of the customer. It is nevertheless possible, on a case-by-case basis, to integrate the insurance service into the contract.&nbsp;<\/p>\n<\/li>\n<\/ul>\t\t\t\t\t\t\t\t<\/div>\n\t\t\t\t<\/div>\n\t\t\t\t<\/div>\n\t\t\t\t\t<\/div>\n\t\t\t\t<\/div>\n\t\t<div class=\"elementor-element elementor-element-8ce5a30 e-flex e-con-boxed e-con e-parent\" data-id=\"8ce5a30\" data-element_type=\"container\" data-e-type=\"container\">\n\t\t\t\t\t<div class=\"e-con-inner\">\n\t\t\t\t<div class=\"elementor-element elementor-element-88fc58d elementor-widget elementor-widget-text-editor\" data-id=\"88fc58d\" data-element_type=\"widget\" data-e-type=\"widget\" data-widget_type=\"text-editor.default\">\n\t\t\t\t<div class=\"elementor-widget-container\">\n\t\t\t\t\t\t\t\t\t<p>The major difference between financial renting and operational leasing lies in the services included (taxes, insurance, repairs, etc.)<\/p>\t\t\t\t\t\t\t\t<\/div>\n\t\t\t\t<\/div>\n\t\t\t\t\t<\/div>\n\t\t\t\t<\/div>\n\t\t\t\t<\/div>","protected":false},"excerpt":{"rendered":"<p>Diff\u00e9rence entre renting &#038; leasing Lorsqu&rsquo;il s&rsquo;agit de financer l&rsquo;acquisition d&rsquo;un v\u00e9hicule ou d&rsquo;un \u00e9quipement, deux options couramment utilis\u00e9es sont le renting financier et le leasing op\u00e9rationnel. Bien que ces [&hellip;]<\/p>\n","protected":false},"author":8,"featured_media":0,"parent":0,"menu_order":0,"comment_status":"closed","ping_status":"closed","template":"elementor_header_footer","meta":{"footnotes":""},"class_list":["post-50","page","type-page","status-publish","hentry"],"_links":{"self":[{"href":"https:\/\/www.jjfin.be\/en\/wp-json\/wp\/v2\/pages\/50","targetHints":{"allow":["GET"]}}],"collection":[{"href":"https:\/\/www.jjfin.be\/en\/wp-json\/wp\/v2\/pages"}],"about":[{"href":"https:\/\/www.jjfin.be\/en\/wp-json\/wp\/v2\/types\/page"}],"author":[{"embeddable":true,"href":"https:\/\/www.jjfin.be\/en\/wp-json\/wp\/v2\/users\/8"}],"replies":[{"embeddable":true,"href":"https:\/\/www.jjfin.be\/en\/wp-json\/wp\/v2\/comments?post=50"}],"version-history":[{"count":10,"href":"https:\/\/www.jjfin.be\/en\/wp-json\/wp\/v2\/pages\/50\/revisions"}],"predecessor-version":[{"id":246,"href":"https:\/\/www.jjfin.be\/en\/wp-json\/wp\/v2\/pages\/50\/revisions\/246"}],"wp:attachment":[{"href":"https:\/\/www.jjfin.be\/en\/wp-json\/wp\/v2\/media?parent=50"}],"curies":[{"name":"wp","href":"https:\/\/api.w.org\/{rel}","templated":true}]}}