{"id":176,"date":"2023-09-25T04:49:41","date_gmt":"2023-09-25T04:49:41","guid":{"rendered":"https:\/\/jjfin.wtb.agency\/?page_id=176"},"modified":"2023-09-25T09:16:18","modified_gmt":"2023-09-25T09:16:18","slug":"private-lease","status":"publish","type":"page","link":"https:\/\/www.jjfin.be\/nl\/private-lease\/","title":{"rendered":"particuliere huur"},"content":{"rendered":"<div data-elementor-type=\"wp-page\" data-elementor-id=\"176\" class=\"elementor elementor-176\" data-elementor-post-type=\"page\">\n\t\t\t\t<div class=\"elementor-element elementor-element-ba6e497 e-flex e-con-boxed e-con e-parent\" data-id=\"ba6e497\" data-element_type=\"container\" data-e-type=\"container\" data-settings=\"{&quot;background_background&quot;:&quot;gradient&quot;}\">\n\t\t\t\t\t<div class=\"e-con-inner\">\n\t\t\t\t<div class=\"elementor-element elementor-element-74d07ea elementor-widget elementor-widget-image\" data-id=\"74d07ea\" data-element_type=\"widget\" data-e-type=\"widget\" data-widget_type=\"image.default\">\n\t\t\t\t<div class=\"elementor-widget-container\">\n\t\t\t\t\t\t\t\t\t\t\t\t\t\t\t<img fetchpriority=\"high\" decoding=\"async\" width=\"612\" height=\"280\" src=\"https:\/\/www.jjfin.be\/wp-content\/uploads\/2023\/09\/jjfin-logo-white2.png\" class=\"attachment-full size-full wp-image-13\" alt=\"\" srcset=\"https:\/\/www.jjfin.be\/wp-content\/uploads\/2023\/09\/jjfin-logo-white2.png 612w, https:\/\/www.jjfin.be\/wp-content\/uploads\/2023\/09\/jjfin-logo-white2-300x137.png 300w\" sizes=\"(max-width: 612px) 100vw, 612px\" \/>\t\t\t\t\t\t\t\t\t\t\t\t\t\t\t<\/div>\n\t\t\t\t<\/div>\n\t\t\t\t<div class=\"elementor-element elementor-element-ed4f706 elementor-widget elementor-widget-heading\" data-id=\"ed4f706\" data-element_type=\"widget\" data-e-type=\"widget\" data-widget_type=\"heading.default\">\n\t\t\t\t<div class=\"elementor-widget-container\">\n\t\t\t\t\t<h2 class=\"elementor-heading-title elementor-size-default\">Private lease: Leasen voor particulieren<\/h2>\t\t\t\t<\/div>\n\t\t\t\t<\/div>\n\t\t\t\t<div class=\"elementor-element elementor-element-4c21532 elementor-widget elementor-widget-text-editor\" data-id=\"4c21532\" data-element_type=\"widget\" data-e-type=\"widget\" data-widget_type=\"text-editor.default\">\n\t\t\t\t<div class=\"elementor-widget-container\">\n\t\t\t\t\t\t\t\t\t<p>Priv\u00e9lease voor auto&#039;s, ook wel persoonlijke leasing genoemd, is een langetermijnhuurovereenkomst waarmee een individu een nieuw voertuig kan leasen voor een bepaalde periode, meestal 2 tot 5 jaar, in ruil voor vaste maandelijkse betalingen.<\/p><p>De maandelijks betaalde prijs dekt niet alleen het voertuig zelf, maar ook de onderhoudskosten, verzekering en alle toepasselijke belastingen. De kilometerstand wordt vooraf vastgelegd. Er is echter geen aankoopoptie aan het einde van het contract.\u00a0<\/p>\t\t\t\t\t\t\t\t<\/div>\n\t\t\t\t<\/div>\n\t\t\t\t\t<\/div>\n\t\t\t\t<\/div>\n\t\t<div class=\"elementor-element elementor-element-988641e e-flex e-con-boxed e-con e-parent\" data-id=\"988641e\" data-element_type=\"container\" data-e-type=\"container\">\n\t\t\t\t\t<div class=\"e-con-inner\">\n\t\t<div class=\"elementor-element elementor-element-7b4f20f e-con-full e-flex e-con e-child\" data-id=\"7b4f20f\" data-element_type=\"container\" data-e-type=\"container\">\n\t\t\t\t<div class=\"elementor-element elementor-element-6306216 elementor-widget elementor-widget-heading\" data-id=\"6306216\" data-element_type=\"widget\" data-e-type=\"widget\" data-widget_type=\"heading.default\">\n\t\t\t\t<div class=\"elementor-widget-container\">\n\t\t\t\t\t<h2 class=\"elementor-heading-title elementor-size-default\">Voordelen<\/h2>\t\t\t\t<\/div>\n\t\t\t\t<\/div>\n\t\t\t\t<\/div>\n\t\t<div class=\"elementor-element elementor-element-304945a e-con-full e-flex e-con e-child\" data-id=\"304945a\" data-element_type=\"container\" data-e-type=\"container\">\n\t\t\t\t<div class=\"elementor-element elementor-element-2ee0e3c elementor-widget elementor-widget-text-editor\" data-id=\"2ee0e3c\" data-element_type=\"widget\" data-e-type=\"widget\" data-widget_type=\"text-editor.default\">\n\t\t\t\t<div class=\"elementor-widget-container\">\n\t\t\t\t\t\t\t\t\t<ul><li><strong><span style=\"text-decoration: underline;\">Toegang tot een nieuw voertuig<\/span><\/strong> : Met private leasing kunnen bestuurders genieten van een nieuw voertuig, wat betekent dat ze toegang hebben tot de nieuwste technologie, geavanceerde veiligheidsvoorzieningen en een beter brandstofverbruik.<br \/><br \/><\/li><li><span style=\"text-decoration: underline;\"><strong>Voorspelbare kosten<\/strong> :<\/span> De maandelijkse betalingen zijn vast en omvatten vaak onderhoud, verzekeringen, belastingen en soms standaard reparatiekosten. Dit maakt het gemakkelijker voor automobilisten om te budgetteren en dure verrassingen te vermijden die gepaard gaan met autobezit.<\/li><\/ul>\t\t\t\t\t\t\t\t<\/div>\n\t\t\t\t<\/div>\n\t\t\t\t<\/div>\n\t\t\t\t\t<\/div>\n\t\t\t\t<\/div>\n\t\t<div class=\"elementor-element elementor-element-533339e e-flex e-con-boxed e-con e-parent\" data-id=\"533339e\" data-element_type=\"container\" data-e-type=\"container\">\n\t\t\t\t\t<div class=\"e-con-inner\">\n\t\t<div class=\"elementor-element elementor-element-37340ce e-con-full e-flex e-con e-child\" data-id=\"37340ce\" data-element_type=\"container\" data-e-type=\"container\">\n\t\t\t\t<div class=\"elementor-element elementor-element-a8891c7 elementor-widget elementor-widget-text-editor\" data-id=\"a8891c7\" data-element_type=\"widget\" data-e-type=\"widget\" data-widget_type=\"text-editor.default\">\n\t\t\t\t<div class=\"elementor-widget-container\">\n\t\t\t\t\t\t\t\t\t<ul><li><span style=\"text-decoration: underline;\"><strong>Geen borg<\/strong><\/span> :In tegenstelling tot de aankoop van een voertuig vereist private lease over het algemeen geen grote vooruitbetaling. Dit vermindert de financi\u00eble drempel voor de aanschaf van een nieuw voertuig.<br \/><br \/><\/li><li><span style=\"text-decoration: underline;\"><strong>Vereenvoudigd onderhoud<\/strong> <\/span>: Regelmatige onderhoudsdiensten en routinereparaties zijn doorgaans inbegrepen in het leasecontract. Dit betekent dat chauffeurs zich geen zorgen hoeven te maken over het onderhoud van hun voertuig.<\/li><\/ul>\t\t\t\t\t\t\t\t<\/div>\n\t\t\t\t<\/div>\n\t\t\t\t<\/div>\n\t\t<div class=\"elementor-element elementor-element-8700af9 e-con-full e-flex e-con e-child\" data-id=\"8700af9\" data-element_type=\"container\" data-e-type=\"container\">\n\t\t\t\t<div class=\"elementor-element elementor-element-beeac5a elementor-widget elementor-widget-text-editor\" data-id=\"beeac5a\" data-element_type=\"widget\" data-e-type=\"widget\" data-widget_type=\"text-editor.default\">\n\t\t\t\t<div class=\"elementor-widget-container\">\n\t\t\t\t\t\t\t\t\t<ul><li><span style=\"text-decoration: underline;\"><strong>Verlengingsmogelijkheden <\/strong> <\/span>: Op het einde van het contract heeft u de mogelijkheid om een nieuw voertuig te kiezen, waardoor u permanent in een recent voertuig kunt rijden. Er is geen aankoopoptie bij dit type contract.\u00a0<br \/><br \/><\/li><li><span style=\"text-decoration: underline;\"><strong>Administratieve eenvoud<\/strong>\u00a0:<\/span> De leasingaanbieder zorgt doorgaans voor het documentbeheer, de verzekeringen en de administratieve formaliteiten, waardoor uw leven gemakkelijker wordt. Het is niet nodig om via de bank te gaan om krediet te verkrijgen.<br \/><br \/><\/li><li><span style=\"text-decoration: underline;\"><strong>Flexibiliteit<\/strong>\u00a0<\/span>: Leasecontracten voor particulieren bieden vaak een zekere flexibiliteit op het gebied van duur, kilometerstand en andere diensten zoals benzine of carwash.<\/li><\/ul>\t\t\t\t\t\t\t\t<\/div>\n\t\t\t\t<\/div>\n\t\t\t\t<\/div>\n\t\t\t\t\t<\/div>\n\t\t\t\t<\/div>\n\t\t<div class=\"elementor-element elementor-element-fc3bf47 e-flex e-con-boxed e-con e-parent\" data-id=\"fc3bf47\" data-element_type=\"container\" data-e-type=\"container\" id=\"difference\" data-settings=\"{&quot;background_background&quot;:&quot;classic&quot;}\">\n\t\t\t\t\t<div class=\"e-con-inner\">\n\t\t<div class=\"elementor-element elementor-element-4a9859c e-con-full e-flex e-con e-child\" data-id=\"4a9859c\" data-element_type=\"container\" data-e-type=\"container\">\n\t\t\t\t<div class=\"elementor-element elementor-element-b1fcdc0 elementor-widget elementor-widget-heading\" data-id=\"b1fcdc0\" data-element_type=\"widget\" data-e-type=\"widget\" data-widget_type=\"heading.default\">\n\t\t\t\t<div class=\"elementor-widget-container\">\n\t\t\t\t\t<h2 class=\"elementor-heading-title elementor-size-default\">Koop of Private Lease?<\/h2>\t\t\t\t<\/div>\n\t\t\t\t<\/div>\n\t\t\t\t<div class=\"elementor-element elementor-element-182f13c elementor-hidden-desktop elementor-hidden-tablet elementor-hidden-mobile elementor-widget elementor-widget-text-editor\" data-id=\"182f13c\" data-element_type=\"widget\" data-e-type=\"widget\" data-widget_type=\"text-editor.default\">\n\t\t\t\t<div class=\"elementor-widget-container\">\n\t\t\t\t\t\t\t\t\t<p>van een leaseauto<\/p>\t\t\t\t\t\t\t\t<\/div>\n\t\t\t\t<\/div>\n\t\t\t\t<\/div>\n\t\t<div class=\"elementor-element elementor-element-4e29b1c e-con-full e-flex e-con e-child\" data-id=\"4e29b1c\" data-element_type=\"container\" data-e-type=\"container\">\n\t\t\t\t<div class=\"elementor-element elementor-element-4ba7f83 elementor-widget elementor-widget-text-editor\" data-id=\"4ba7f83\" data-element_type=\"widget\" data-e-type=\"widget\" data-widget_type=\"text-editor.default\">\n\t\t\t\t<div class=\"elementor-widget-container\">\n\t\t\t\t\t\t\t\t\t<p>Het is noodzakelijk om rekening te houden met de verschillende kosten die gepaard gaan met het bezitten van een voertuig. Naast de aankoopprijs van de auto, kenteken- en wegenbelasting moet er ook rekening gehouden worden met kosten voor verzekering, onderhoud, reparatie, banden en eventuele hulpverleningsdiensten. Bovendien is het essentieel om rekening te houden met de potenti\u00eble verkoopwaarde van het voertuig.<\/p>\t\t\t\t\t\t\t\t<\/div>\n\t\t\t\t<\/div>\n\t\t\t\t<div class=\"elementor-element elementor-element-357406e elementor-align-left elementor-widget elementor-widget-button\" data-id=\"357406e\" data-element_type=\"widget\" data-e-type=\"widget\" data-widget_type=\"button.default\">\n\t\t\t\t<div class=\"elementor-widget-container\">\n\t\t\t\t\t\t\t\t\t<div class=\"elementor-button-wrapper\">\n\t\t\t\t\t<a class=\"elementor-button elementor-button-link elementor-size-sm\" href=\"mailto:contact@jjfin.be\">\n\t\t\t\t\t\t<span class=\"elementor-button-content-wrapper\">\n\t\t\t\t\t\t\t\t\t<span class=\"elementor-button-text\">Neem contact met ons op voor een offerte<\/span>\n\t\t\t\t\t<\/span>\n\t\t\t\t\t<\/a>\n\t\t\t\t<\/div>\n\t\t\t\t\t\t\t\t<\/div>\n\t\t\t\t<\/div>\n\t\t\t\t<\/div>\n\t\t\t\t\t<\/div>\n\t\t\t\t<\/div>\n\t\t<div class=\"elementor-element elementor-element-275d9b4 e-flex e-con-boxed e-con e-parent\" data-id=\"275d9b4\" data-element_type=\"container\" data-e-type=\"container\" data-settings=\"{&quot;background_background&quot;:&quot;classic&quot;}\">\n\t\t\t\t\t<div class=\"e-con-inner\">\n\t\t<div class=\"elementor-element elementor-element-09d1066 e-flex e-con-boxed e-con e-child\" data-id=\"09d1066\" data-element_type=\"container\" data-e-type=\"container\">\n\t\t\t\t\t<div class=\"e-con-inner\">\n\t\t\t\t<div class=\"elementor-element elementor-element-8bff9d7 elementor-widget elementor-widget-heading\" data-id=\"8bff9d7\" data-element_type=\"widget\" data-e-type=\"widget\" data-widget_type=\"heading.default\">\n\t\t\t\t<div class=\"elementor-widget-container\">\n\t\t\t\t\t<h3 class=\"elementor-heading-title elementor-size-default\">Contante aankoop<\/h3>\t\t\t\t<\/div>\n\t\t\t\t<\/div>\n\t\t\t\t<div class=\"elementor-element elementor-element-46a7b2b elementor-widget elementor-widget-text-editor\" data-id=\"46a7b2b\" data-element_type=\"widget\" data-e-type=\"widget\" data-widget_type=\"text-editor.default\">\n\t\t\t\t<div class=\"elementor-widget-container\">\n\t\t\t\t\t\t\t\t\t<p><strong><span style=\"text-decoration: underline;\">Hoge initi\u00eble totale kosten:\u00a0<\/span><br \/><\/strong>Als u contant geld koopt, moet u een grote vooruitbetaling doen voor de aankoop van het voertuig, gevolgd door de volledige aankoopprijs. Dit kan voor veel mensen een financi\u00eble last zijn, omdat de totale kosten doorgaans hoog zijn.<\/p>\t\t\t\t\t\t\t\t<\/div>\n\t\t\t\t<\/div>\n\t\t\t\t<div class=\"elementor-element elementor-element-21c07d6 elementor-widget elementor-widget-text-editor\" data-id=\"21c07d6\" data-element_type=\"widget\" data-e-type=\"widget\" data-widget_type=\"text-editor.default\">\n\t\t\t\t<div class=\"elementor-widget-container\">\n\t\t\t\t\t\t\t\t\t<p><span style=\"text-decoration: underline;\"><strong>Totaal eigendom:<\/strong><\/span> <br \/>Wanneer u een voertuig met contant geld koopt, wordt u onmiddellijk de eigenaar ervan. U bent eigenaar van het voertuig en kunt doen wat u wilt met het voertuig, inclusief het aanpassen, verkopen of zo lang houden als u wilt.<\/p>\t\t\t\t\t\t\t\t<\/div>\n\t\t\t\t<\/div>\n\t\t\t\t<div class=\"elementor-element elementor-element-36f86c8 elementor-widget elementor-widget-text-editor\" data-id=\"36f86c8\" data-element_type=\"widget\" data-e-type=\"widget\" data-widget_type=\"text-editor.default\">\n\t\t\t\t<div class=\"elementor-widget-container\">\n\t\t\t\t\t\t\t\t\t<p><span style=\"text-decoration: underline;\"><strong>Afwezigheid van vaste kostenprognoses:<\/strong><\/span> <br \/>De kosten die verband houden met het bezit van een voertuig, zoals onderhoud, reparaties en verzekeringen, kunnen sterk vari\u00ebren en zijn niet voorspelbaar.<\/p>\t\t\t\t\t\t\t\t<\/div>\n\t\t\t\t<\/div>\n\t\t\t\t<div class=\"elementor-element elementor-element-e782b36 elementor-widget elementor-widget-text-editor\" data-id=\"e782b36\" data-element_type=\"widget\" data-e-type=\"widget\" data-widget_type=\"text-editor.default\">\n\t\t\t\t<div class=\"elementor-widget-container\">\n\t\t\t\t\t\t\t\t\t<p><span style=\"text-decoration: underline;\"><strong>CONCLUSIE :<\/strong><\/span> <br \/>Als je genoeg geld hebt om de auto contant aan te schaffen, blijkt deze optie het minst duur. Het is echter cruciaal om aandacht te besteden aan uw financi\u00eble liquiditeit.<\/p>\t\t\t\t\t\t\t\t<\/div>\n\t\t\t\t<\/div>\n\t\t\t\t\t<\/div>\n\t\t\t\t<\/div>\n\t\t<div class=\"elementor-element elementor-element-3919864 e-flex e-con-boxed e-con e-child\" data-id=\"3919864\" data-element_type=\"container\" data-e-type=\"container\">\n\t\t\t\t\t<div class=\"e-con-inner\">\n\t\t\t\t<div class=\"elementor-element elementor-element-47a3080 elementor-widget elementor-widget-heading\" data-id=\"47a3080\" data-element_type=\"widget\" data-e-type=\"widget\" data-widget_type=\"heading.default\">\n\t\t\t\t<div class=\"elementor-widget-container\">\n\t\t\t\t\t<h3 class=\"elementor-heading-title elementor-size-default\">Aankoop op krediet<\/h3>\t\t\t\t<\/div>\n\t\t\t\t<\/div>\n\t\t\t\t<div class=\"elementor-element elementor-element-c6321e1 elementor-widget elementor-widget-text-editor\" data-id=\"c6321e1\" data-element_type=\"widget\" data-e-type=\"widget\" data-widget_type=\"text-editor.default\">\n\t\t\t\t<div class=\"elementor-widget-container\">\n\t\t\t\t\t\t\t\t\t<p><span style=\"text-decoration: underline;\"><strong>Initi\u00eble kosten :<\/strong><\/span> <br \/>Hoewel bij een aankoop op krediet doorgaans een aanbetaling (aanbetaling) vereist is, is dit bedrag doorgaans lager dan bij een contante aankoop. Vervolgens leent u de rest van het bedrag van de auto en betaalt u dit geleidelijk terug in de vorm van maandelijkse betalingen.<\/p>\t\t\t\t\t\t\t\t<\/div>\n\t\t\t\t<\/div>\n\t\t\t\t<div class=\"elementor-element elementor-element-ac482c1 elementor-widget elementor-widget-text-editor\" data-id=\"ac482c1\" data-element_type=\"widget\" data-e-type=\"widget\" data-widget_type=\"text-editor.default\">\n\t\t\t\t<div class=\"elementor-widget-container\">\n\t\t\t\t\t\t\t\t\t<p><span style=\"text-decoration: underline;\"><strong>Onmiddellijke eigendom:<\/strong><\/span> <br \/>Wanneer u een voertuig op krediet koopt, wordt u onmiddellijk eigenaar van het voertuig. Dit betekent dat u een eigendomstitel heeft en kunt doen wat u wilt met het voertuig, inclusief het aanpassen ervan, het verkopen ervan of het zo lang houden als u wilt.<\/p>\t\t\t\t\t\t\t\t<\/div>\n\t\t\t\t<\/div>\n\t\t\t\t<div class=\"elementor-element elementor-element-035c91f elementor-widget elementor-widget-text-editor\" data-id=\"035c91f\" data-element_type=\"widget\" data-e-type=\"widget\" data-widget_type=\"text-editor.default\">\n\t\t\t\t<div class=\"elementor-widget-container\">\n\t\t\t\t\t\t\t\t\t<p><span style=\"text-decoration-line: underline;\"><strong>Afwezigheid van vaste kostenprognoses:<\/strong><\/span> <br \/>De kosten die verband houden met het bezit van een voertuig, zoals onderhoud, reparaties en verzekeringen, kunnen sterk vari\u00ebren en zijn niet voorspelbaar.<\/p>\t\t\t\t\t\t\t\t<\/div>\n\t\t\t\t<\/div>\n\t\t\t\t<div class=\"elementor-element elementor-element-03a1fce elementor-widget elementor-widget-text-editor\" data-id=\"03a1fce\" data-element_type=\"widget\" data-e-type=\"widget\" data-widget_type=\"text-editor.default\">\n\t\t\t\t<div class=\"elementor-widget-container\">\n\t\t\t\t\t\t\t\t\t<p><span style=\"text-decoration: underline;\"><strong>CONCLUSIE :<\/strong><\/span> <br \/>In tegenstelling tot private leasing, waarbij u alleen het gebruik van het voertuig hoeft te financieren, vereist een traditionele aankoop een volledige financiering van de aankoopprijs!<\/p>\t\t\t\t\t\t\t\t<\/div>\n\t\t\t\t<\/div>\n\t\t\t\t\t<\/div>\n\t\t\t\t<\/div>\n\t\t<div class=\"elementor-element elementor-element-646f954 e-flex e-con-boxed e-con e-child\" data-id=\"646f954\" data-element_type=\"container\" data-e-type=\"container\">\n\t\t\t\t\t<div class=\"e-con-inner\">\n\t\t\t\t<div class=\"elementor-element elementor-element-2aea3cb elementor-widget elementor-widget-heading\" data-id=\"2aea3cb\" data-element_type=\"widget\" data-e-type=\"widget\" data-widget_type=\"heading.default\">\n\t\t\t\t<div class=\"elementor-widget-container\">\n\t\t\t\t\t<h3 class=\"elementor-heading-title elementor-size-default\">Priv\u00e9lease <\/h3>\t\t\t\t<\/div>\n\t\t\t\t<\/div>\n\t\t\t\t<div class=\"elementor-element elementor-element-4e41042 elementor-widget elementor-widget-text-editor\" data-id=\"4e41042\" data-element_type=\"widget\" data-e-type=\"widget\" data-widget_type=\"text-editor.default\">\n\t\t\t\t<div class=\"elementor-widget-container\">\n\t\t\t\t\t\t\t\t\t<p><span style=\"text-decoration: underline;\"><strong>Lagere initi\u00eble kosten:<\/strong><\/span> <br \/>Bij private lease is doorgaans een veel lagere initi\u00eble betaling vereist dan bij contante aankoop. De maandelijkse betalingen zijn vast en omvatten vaak onderhoud, verzekering en belastingen.<\/p>\t\t\t\t\t\t\t\t<\/div>\n\t\t\t\t<\/div>\n\t\t\t\t<div class=\"elementor-element elementor-element-5a6a9b9 elementor-widget elementor-widget-text-editor\" data-id=\"5a6a9b9\" data-element_type=\"widget\" data-e-type=\"widget\" data-widget_type=\"text-editor.default\">\n\t\t\t\t<div class=\"elementor-widget-container\">\n\t\t\t\t\t\t\t\t\t<p><span style=\"text-decoration: underline;\"><strong>Geen eigendom:<\/strong><\/span> <br \/>Bij een private leasecontract wordt u geen eigenaar van het voertuig. Je huurt het voor een bepaalde periode. Aan het einde van het contract levert u de auto in bij de leasemaatschappij.<\/p>\t\t\t\t\t\t\t\t<\/div>\n\t\t\t\t<\/div>\n\t\t\t\t<div class=\"elementor-element elementor-element-bad7f59 elementor-widget elementor-widget-text-editor\" data-id=\"bad7f59\" data-element_type=\"widget\" data-e-type=\"widget\" data-widget_type=\"text-editor.default\">\n\t\t\t\t<div class=\"elementor-widget-container\">\n\t\t\t\t\t\t\t\t\t<p><span style=\"text-decoration: underline;\"><strong>Voorzienbare kosten:<\/strong><\/span> <br \/>De kosten van private lease zijn beter voorspelbaar omdat ze zijn inbegrepen in de maandelijkse betalingen. Dit maakt het budgetteren eenvoudiger.<\/p>\t\t\t\t\t\t\t\t<\/div>\n\t\t\t\t<\/div>\n\t\t\t\t<div class=\"elementor-element elementor-element-07ce333 elementor-widget elementor-widget-text-editor\" data-id=\"07ce333\" data-element_type=\"widget\" data-e-type=\"widget\" data-widget_type=\"text-editor.default\">\n\t\t\t\t<div class=\"elementor-widget-container\">\n\t\t\t\t\t\t\t\t\t<p><span style=\"text-decoration: underline;\"><strong>CONCLUSIE :<\/strong><\/span> <br \/>Als uw spaargeld beperkt of onbestaande is, is private lease de beste optie om te overwegen. U zult immers in alle gevallen de aankoop van uw voertuig moeten financieren, wat rentekosten met zich meebrengt.\u00a0<\/p><p>De maandelijkse aflossingen zijn lager dan bij een aankoop op krediet, omdat je alleen het gebruik van de auto financiert<\/p>\t\t\t\t\t\t\t\t<\/div>\n\t\t\t\t<\/div>\n\t\t\t\t\t<\/div>\n\t\t\t\t<\/div>\n\t\t\t\t\t<\/div>\n\t\t\t\t<\/div>\n\t\t\t\t<\/div>","protected":false},"excerpt":{"rendered":"<p>Le private lease : Le leasing pour particulier Le private lease automobile, \u00e9galement connu sous le nom de leasing pour particuliers, est un contrat de location \u00e0 long terme qui permet \u00e0 un individu de louer un v\u00e9hicule neuf pour une p\u00e9riode d\u00e9termin\u00e9e, g\u00e9n\u00e9ralement de 2 \u00e0 5 ans, moyennant des paiements mensuels fixes. Le [&hellip;]<\/p>\n","protected":false},"author":8,"featured_media":0,"parent":0,"menu_order":0,"comment_status":"closed","ping_status":"closed","template":"elementor_header_footer","meta":{"footnotes":""},"class_list":["post-176","page","type-page","status-publish","hentry"],"_links":{"self":[{"href":"https:\/\/www.jjfin.be\/nl\/wp-json\/wp\/v2\/pages\/176","targetHints":{"allow":["GET"]}}],"collection":[{"href":"https:\/\/www.jjfin.be\/nl\/wp-json\/wp\/v2\/pages"}],"about":[{"href":"https:\/\/www.jjfin.be\/nl\/wp-json\/wp\/v2\/types\/page"}],"author":[{"embeddable":true,"href":"https:\/\/www.jjfin.be\/nl\/wp-json\/wp\/v2\/users\/8"}],"replies":[{"embeddable":true,"href":"https:\/\/www.jjfin.be\/nl\/wp-json\/wp\/v2\/comments?post=176"}],"version-history":[{"count":10,"href":"https:\/\/www.jjfin.be\/nl\/wp-json\/wp\/v2\/pages\/176\/revisions"}],"predecessor-version":[{"id":249,"href":"https:\/\/www.jjfin.be\/nl\/wp-json\/wp\/v2\/pages\/176\/revisions\/249"}],"wp:attachment":[{"href":"https:\/\/www.jjfin.be\/nl\/wp-json\/wp\/v2\/media?parent=176"}],"curies":[{"name":"wp","href":"https:\/\/api.w.org\/{rel}","templated":true}]}}