{"id":215,"date":"2023-09-25T07:58:26","date_gmt":"2023-09-25T07:58:26","guid":{"rendered":"https:\/\/jjfin.wtb.agency\/?page_id=215"},"modified":"2023-10-04T12:25:14","modified_gmt":"2023-10-04T12:25:14","slug":"jjfin-votre-partenaire-de-leasing-a-bruxelles","status":"publish","type":"page","link":"https:\/\/www.jjfin.be\/nl\/jjfin-votre-partenaire-de-leasing-a-bruxelles\/","title":{"rendered":"jjfin \u2013 uw leasingpartner in Brussel"},"content":{"rendered":"<div data-elementor-type=\"wp-page\" data-elementor-id=\"215\" class=\"elementor elementor-215\" data-elementor-post-type=\"page\">\n\t\t\t\t<div class=\"elementor-element elementor-element-ba6e497 e-flex e-con-boxed e-con e-parent\" data-id=\"ba6e497\" data-element_type=\"container\" data-e-type=\"container\" data-settings=\"{&quot;background_background&quot;:&quot;gradient&quot;}\">\n\t\t\t\t\t<div class=\"e-con-inner\">\n\t\t\t\t<div class=\"elementor-element elementor-element-74d07ea elementor-widget elementor-widget-image\" data-id=\"74d07ea\" data-element_type=\"widget\" data-e-type=\"widget\" data-widget_type=\"image.default\">\n\t\t\t\t<div class=\"elementor-widget-container\">\n\t\t\t\t\t\t\t\t\t\t\t\t\t\t\t<img fetchpriority=\"high\" decoding=\"async\" width=\"612\" height=\"280\" src=\"https:\/\/www.jjfin.be\/wp-content\/uploads\/2023\/09\/jjfin-logo-white2.png\" class=\"attachment-full size-full wp-image-13\" alt=\"\" srcset=\"https:\/\/www.jjfin.be\/wp-content\/uploads\/2023\/09\/jjfin-logo-white2.png 612w, https:\/\/www.jjfin.be\/wp-content\/uploads\/2023\/09\/jjfin-logo-white2-300x137.png 300w\" sizes=\"(max-width: 612px) 100vw, 612px\" \/>\t\t\t\t\t\t\t\t\t\t\t\t\t\t\t<\/div>\n\t\t\t\t<\/div>\n\t\t\t\t<div class=\"elementor-element elementor-element-ed4f706 elementor-widget elementor-widget-heading\" data-id=\"ed4f706\" data-element_type=\"widget\" data-e-type=\"widget\" data-widget_type=\"heading.default\">\n\t\t\t\t<div class=\"elementor-widget-container\">\n\t\t\t\t\t<h2 class=\"elementor-heading-title elementor-size-default\">JJFIN, uw leasingpartner in Belgi\u00eb<\/h2>\t\t\t\t<\/div>\n\t\t\t\t<\/div>\n\t\t\t\t<div class=\"elementor-element elementor-element-4c21532 elementor-widget elementor-widget-text-editor\" data-id=\"4c21532\" data-element_type=\"widget\" data-e-type=\"widget\" data-widget_type=\"text-editor.default\">\n\t\t\t\t<div class=\"elementor-widget-container\">\n\t\t\t\t\t\t\t\t\t<p>JJFIN, opgericht in 2015, is een Belgisch bedrijf dat snel zijn sporen heeft verdiend in de autoleasingsector. Dit dynamische en innovatieve bedrijf is gespecialiseerd in autoleasing voor zowel bedrijven als particulieren en biedt oplossingen op maat om aan de behoeften van zijn gevarieerde klantenbestand te voldoen.<\/p><p>JJFIN, met hoofdzetel in Brussel, is niet alleen actief in de hoofdstad, maar ook in de buitenwijken, en biedt hoogwaardige leasingdiensten aan een breed scala aan klanten. Of u nu een bedrijf bent dat op zoek is naar een wagenpark voor uw werknemers of een particulier bent die een nieuw voertuig wil besturen zonder de rompslomp van eigendom, JJFIN heeft de oplossing die bij u past.<\/p>\t\t\t\t\t\t\t\t<\/div>\n\t\t\t\t<\/div>\n\t\t\t\t<div class=\"elementor-element elementor-element-9bb7410 elementor-widget elementor-widget-text-editor\" data-id=\"9bb7410\" data-element_type=\"widget\" data-e-type=\"widget\" data-widget_type=\"text-editor.default\">\n\t\t\t\t<div class=\"elementor-widget-container\">\n\t\t\t\t\t\t\t\t\t<p>Kiezen voor JJFIN als uw autoleasepartner betekent kiezen voor:<\/p>\n<ol>\n<li><strong>Ervaring en deskundigheid<\/strong> : Met meer dan zes jaar ervaring in de sector heeft JJFIN een diepgaande expertise ontwikkeld op het gebied van autoleasing in Belgi\u00eb en biedt het professioneel advies om u te helpen weloverwogen beslissingen te nemen.<br>\n<br><br><\/li>\n<li><strong>Flexibiliteit<\/strong> : JJFIN begrijpt dat elke klant unieke behoeften heeft. Daarom biedt het bedrijf flexibele leasecontracten aan, met looptijd- en kilometeropties afgestemd op uw specifieke behoeften.<br>\n<br><br><\/li>\n<li><strong>Breed scala aan voertuigen<\/strong> : Of u nu op zoek bent naar een stijlvolle sedan, een ruime SUV of een bedrijfswagen, JJFIN heeft een enorm aanbod aan voertuigen waaruit u kunt kiezen, zodat u er zeker een kunt vinden die past bij uw levensstijl of zakelijke behoeften. Wij werken met grote merken zoals BMW, Volswagen, Mini, Audi\u2026&nbsp;<br><br><\/li>\n<li><strong>Kwaliteit klantenservice<\/strong> : Klanttevredenheid is een prioriteit voor JJFIN. Het bedrijf streeft ernaar een uitzonderlijke klantenservice te bieden en uw vragen en zorgen op een professionele en effici\u00ebnte manier te beantwoorden.<br>\n<br><br><\/li>\n<li><strong>Concurrerende leaseoplossingen<\/strong> : JJFIN streeft ernaar om autoleasing voor iedereen toegankelijk te maken door concurrerende aanbiedingen aan te bieden, met aantrekkelijke maandelijkse betalingen en belastingvoordelen voor Belgische bedrijven.<br>\n<br><br><\/li>\n<li><strong>Onderhoudsgemak en verzekering<\/strong> : JJFIN vereenvoudigt uw ervaring door vaak onderhoud, verzekeringen en andere diensten in het leasecontract op te nemen, zodat u met volledige gemoedsrust kunt rijden.<\/li>\n<\/ol>\t\t\t\t\t\t\t\t<\/div>\n\t\t\t\t<\/div>\n\t\t\t\t<div class=\"elementor-element elementor-element-9639c23 elementor-widget elementor-widget-text-editor\" data-id=\"9639c23\" data-element_type=\"widget\" data-e-type=\"widget\" data-widget_type=\"text-editor.default\">\n\t\t\t\t<div class=\"elementor-widget-container\">\n\t\t\t\t\t\t\t\t\t<p>JJFIN heeft zijn reputatie opgebouwd op de integriteit, transparantie en kwaliteit van zijn diensten. Of u nu een in Brussel gevestigd bedrijf bent of een particulier die uw leven wil vereenvoudigen met een nieuw voertuig, JJFIN is er om u te ondersteunen tijdens uw autoleasingtraject. Met JJFIN wordt het plezier van het besturen van een kwaliteitsvoertuig werkelijkheid zonder de zorgen van het bezit.<\/p>\t\t\t\t\t\t\t\t<\/div>\n\t\t\t\t<\/div>\n\t\t\t\t\t<\/div>\n\t\t\t\t<\/div>\n\t\t<div class=\"elementor-element elementor-element-64f7a8e e-flex e-con-boxed e-con e-parent\" data-id=\"64f7a8e\" data-element_type=\"container\" data-e-type=\"container\" data-settings=\"{&quot;background_background&quot;:&quot;gradient&quot;}\">\n\t\t\t\t\t<div class=\"e-con-inner\">\n\t\t\t\t<div class=\"elementor-element elementor-element-5af2980 elementor-widget elementor-widget-heading\" data-id=\"5af2980\" data-element_type=\"widget\" data-e-type=\"widget\" data-widget_type=\"heading.default\">\n\t\t\t\t<div class=\"elementor-widget-container\">\n\t\t\t\t\t<h2 class=\"elementor-heading-title elementor-size-default\">Ze vertrouwen ons<\/h2>\t\t\t\t<\/div>\n\t\t\t\t<\/div>\n\t\t<div class=\"elementor-element elementor-element-294f267 e-grid e-con-boxed e-con e-child\" data-id=\"294f267\" data-element_type=\"container\" data-e-type=\"container\">\n\t\t\t\t\t<div class=\"e-con-inner\">\n\t\t\t\t<div class=\"elementor-element elementor-element-68295c9 elementor-widget elementor-widget-image\" data-id=\"68295c9\" data-element_type=\"widget\" data-e-type=\"widget\" data-widget_type=\"image.default\">\n\t\t\t\t<div class=\"elementor-widget-container\">\n\t\t\t\t\t\t\t\t\t\t\t\t\t\t\t\t<a href=\"http:\/\/designbuildconstruct.be\/en\/home\/\">\n\t\t\t\t\t\t\t<img decoding=\"async\" width=\"800\" height=\"418\" src=\"https:\/\/www.jjfin.be\/wp-content\/uploads\/2023\/10\/jjfin-partenaire-design-built-1024x535.png\" class=\"attachment-large size-large wp-image-273\" alt=\"\" srcset=\"https:\/\/www.jjfin.be\/wp-content\/uploads\/2023\/10\/jjfin-partenaire-design-built-1024x535.png 1024w, https:\/\/www.jjfin.be\/wp-content\/uploads\/2023\/10\/jjfin-partenaire-design-built-300x157.png 300w, https:\/\/www.jjfin.be\/wp-content\/uploads\/2023\/10\/jjfin-partenaire-design-built-768x401.png 768w, https:\/\/www.jjfin.be\/wp-content\/uploads\/2023\/10\/jjfin-partenaire-design-built-1536x803.png 1536w, https:\/\/www.jjfin.be\/wp-content\/uploads\/2023\/10\/jjfin-partenaire-design-built.png 2048w\" sizes=\"(max-width: 800px) 100vw, 800px\" \/>\t\t\t\t\t\t\t\t<\/a>\n\t\t\t\t\t\t\t\t\t\t\t\t\t\t\t<\/div>\n\t\t\t\t<\/div>\n\t\t\t\t<div class=\"elementor-element elementor-element-2a88f5f elementor-widget elementor-widget-image\" data-id=\"2a88f5f\" data-element_type=\"widget\" data-e-type=\"widget\" data-widget_type=\"image.default\">\n\t\t\t\t<div class=\"elementor-widget-container\">\n\t\t\t\t\t\t\t\t\t\t\t\t\t\t\t\t<a href=\"https:\/\/www.mbttaxis.be\/\">\n\t\t\t\t\t\t\t<img decoding=\"async\" width=\"800\" height=\"453\" src=\"https:\/\/www.jjfin.be\/wp-content\/uploads\/2023\/10\/jjfin-partenaire-mbtaxis-1024x580.png\" class=\"attachment-large size-large wp-image-274\" alt=\"\" srcset=\"https:\/\/www.jjfin.be\/wp-content\/uploads\/2023\/10\/jjfin-partenaire-mbtaxis-1024x580.png 1024w, https:\/\/www.jjfin.be\/wp-content\/uploads\/2023\/10\/jjfin-partenaire-mbtaxis-300x170.png 300w, https:\/\/www.jjfin.be\/wp-content\/uploads\/2023\/10\/jjfin-partenaire-mbtaxis-768x435.png 768w, https:\/\/www.jjfin.be\/wp-content\/uploads\/2023\/10\/jjfin-partenaire-mbtaxis-1536x870.png 1536w, https:\/\/www.jjfin.be\/wp-content\/uploads\/2023\/10\/jjfin-partenaire-mbtaxis-2048x1160.png 2048w\" sizes=\"(max-width: 800px) 100vw, 800px\" \/>\t\t\t\t\t\t\t\t<\/a>\n\t\t\t\t\t\t\t\t\t\t\t\t\t\t\t<\/div>\n\t\t\t\t<\/div>\n\t\t\t\t<div class=\"elementor-element elementor-element-b9783ef elementor-widget elementor-widget-image\" data-id=\"b9783ef\" data-element_type=\"widget\" data-e-type=\"widget\" data-widget_type=\"image.default\">\n\t\t\t\t<div class=\"elementor-widget-container\">\n\t\t\t\t\t\t\t\t\t\t\t\t\t\t\t\t<a href=\"https:\/\/www.reconfortplus.be\/\">\n\t\t\t\t\t\t\t<img loading=\"lazy\" decoding=\"async\" width=\"287\" height=\"60\" src=\"https:\/\/www.jjfin.be\/wp-content\/uploads\/2023\/10\/jjfin-partenaire-reconfortplus.png\" class=\"attachment-large size-large wp-image-275\" alt=\"\" \/>\t\t\t\t\t\t\t\t<\/a>\n\t\t\t\t\t\t\t\t\t\t\t\t\t\t\t<\/div>\n\t\t\t\t<\/div>\n\t\t\t\t<div class=\"elementor-element elementor-element-e5390ab elementor-widget elementor-widget-image\" data-id=\"e5390ab\" data-element_type=\"widget\" data-e-type=\"widget\" data-widget_type=\"image.default\">\n\t\t\t\t<div class=\"elementor-widget-container\">\n\t\t\t\t\t\t\t\t\t\t\t\t\t\t\t\t<a href=\"https:\/\/www.victorcab.be\/\">\n\t\t\t\t\t\t\t<img loading=\"lazy\" decoding=\"async\" width=\"120\" height=\"120\" src=\"https:\/\/www.jjfin.be\/wp-content\/uploads\/2023\/10\/logo-victor-cab-white.png\" class=\"attachment-large size-large wp-image-276\" alt=\"\" \/>\t\t\t\t\t\t\t\t<\/a>\n\t\t\t\t\t\t\t\t\t\t\t\t\t\t\t<\/div>\n\t\t\t\t<\/div>\n\t\t\t\t\t<\/div>\n\t\t\t\t<\/div>\n\t\t\t\t\t<\/div>\n\t\t\t\t<\/div>\n\t\t\t\t<\/div>","protected":false},"excerpt":{"rendered":"<p>JJFIN, votre partenaire de leasing en Belgique Fond\u00e9e en 2015, JJFIN est une soci\u00e9t\u00e9 belge qui a rapidement fait sa marque dans le secteur du leasing automobile. Cette entreprise dynamique et innovante s&rsquo;est sp\u00e9cialis\u00e9e dans le leasing automobile \u00e0 la fois pour les entreprises et les particuliers, offrant des solutions sur mesure pour r\u00e9pondre aux [&hellip;]<\/p>\n","protected":false},"author":8,"featured_media":0,"parent":0,"menu_order":0,"comment_status":"closed","ping_status":"closed","template":"elementor_header_footer","meta":{"footnotes":""},"class_list":["post-215","page","type-page","status-publish","hentry"],"_links":{"self":[{"href":"https:\/\/www.jjfin.be\/nl\/wp-json\/wp\/v2\/pages\/215","targetHints":{"allow":["GET"]}}],"collection":[{"href":"https:\/\/www.jjfin.be\/nl\/wp-json\/wp\/v2\/pages"}],"about":[{"href":"https:\/\/www.jjfin.be\/nl\/wp-json\/wp\/v2\/types\/page"}],"author":[{"embeddable":true,"href":"https:\/\/www.jjfin.be\/nl\/wp-json\/wp\/v2\/users\/8"}],"replies":[{"embeddable":true,"href":"https:\/\/www.jjfin.be\/nl\/wp-json\/wp\/v2\/comments?post=215"}],"version-history":[{"count":10,"href":"https:\/\/www.jjfin.be\/nl\/wp-json\/wp\/v2\/pages\/215\/revisions"}],"predecessor-version":[{"id":285,"href":"https:\/\/www.jjfin.be\/nl\/wp-json\/wp\/v2\/pages\/215\/revisions\/285"}],"wp:attachment":[{"href":"https:\/\/www.jjfin.be\/nl\/wp-json\/wp\/v2\/media?parent=215"}],"curies":[{"name":"wp","href":"https:\/\/api.w.org\/{rel}","templated":true}]}}