{"id":50,"date":"2023-09-17T23:00:37","date_gmt":"2023-09-17T23:00:37","guid":{"rendered":"https:\/\/jjfin.wtb.agency\/?page_id=50"},"modified":"2023-09-25T09:15:41","modified_gmt":"2023-09-25T09:15:41","slug":"difference-entre-renting-et-leasing","status":"publish","type":"page","link":"https:\/\/www.jjfin.be\/nl\/difference-entre-renting-et-leasing\/","title":{"rendered":"verschil tussen huren en leasen"},"content":{"rendered":"<div data-elementor-type=\"wp-page\" data-elementor-id=\"50\" class=\"elementor elementor-50\" data-elementor-post-type=\"page\">\n\t\t\t\t<div class=\"elementor-element elementor-element-ba6e497 e-flex e-con-boxed e-con e-parent\" data-id=\"ba6e497\" data-element_type=\"container\" data-e-type=\"container\" data-settings=\"{&quot;background_background&quot;:&quot;gradient&quot;}\">\n\t\t\t\t\t<div class=\"e-con-inner\">\n\t\t\t\t<div class=\"elementor-element elementor-element-74d07ea elementor-widget elementor-widget-image\" data-id=\"74d07ea\" data-element_type=\"widget\" data-e-type=\"widget\" data-widget_type=\"image.default\">\n\t\t\t\t<div class=\"elementor-widget-container\">\n\t\t\t\t\t\t\t\t\t\t\t\t\t\t\t<img fetchpriority=\"high\" decoding=\"async\" width=\"612\" height=\"280\" src=\"https:\/\/www.jjfin.be\/wp-content\/uploads\/2023\/09\/jjfin-logo-white2.png\" class=\"attachment-full size-full wp-image-13\" alt=\"\" srcset=\"https:\/\/www.jjfin.be\/wp-content\/uploads\/2023\/09\/jjfin-logo-white2.png 612w, https:\/\/www.jjfin.be\/wp-content\/uploads\/2023\/09\/jjfin-logo-white2-300x137.png 300w\" sizes=\"(max-width: 612px) 100vw, 612px\" \/>\t\t\t\t\t\t\t\t\t\t\t\t\t\t\t<\/div>\n\t\t\t\t<\/div>\n\t\t\t\t<div class=\"elementor-element elementor-element-ed4f706 elementor-widget elementor-widget-heading\" data-id=\"ed4f706\" data-element_type=\"widget\" data-e-type=\"widget\" data-widget_type=\"heading.default\">\n\t\t\t\t<div class=\"elementor-widget-container\">\n\t\t\t\t\t<h2 class=\"elementor-heading-title elementor-size-default\">Verschil tussen huren en leasen<\/h2>\t\t\t\t<\/div>\n\t\t\t\t<\/div>\n\t\t\t\t<div class=\"elementor-element elementor-element-4c21532 elementor-widget elementor-widget-text-editor\" data-id=\"4c21532\" data-element_type=\"widget\" data-e-type=\"widget\" data-widget_type=\"text-editor.default\">\n\t\t\t\t<div class=\"elementor-widget-container\">\n\t\t\t\t\t\t\t\t\t<p>Als het gaat om de financiering van de aanschaf van een voertuig of uitrusting, zijn er twee veelgebruikte opties: <strong>financi\u00eble verhuur<\/strong> en de <strong>operationele leasing<\/strong>. Hoewel deze termen op elkaar lijken, hebben ze belangrijke verschillen die van invloed zijn op de manier waarop acquisitie wordt beheerd. In deze discussie zullen we deze fundamentele verschillen tussen financi\u00eble verhuur en operationele leasing gedetailleerd onderzoeken, zodat u weloverwogen beslissingen kunt nemen over de financiering van uw zakelijke of persoonlijke behoeften.<\/p>\t\t\t\t\t\t\t\t<\/div>\n\t\t\t\t<\/div>\n\t\t\t\t\t<\/div>\n\t\t\t\t<\/div>\n\t\t<div class=\"elementor-element elementor-element-988641e e-flex e-con-boxed e-con e-parent\" data-id=\"988641e\" data-element_type=\"container\" data-e-type=\"container\">\n\t\t\t\t\t<div class=\"e-con-inner\">\n\t\t<div class=\"elementor-element elementor-element-7b4f20f e-con-full e-flex e-con e-child\" data-id=\"7b4f20f\" data-element_type=\"container\" data-e-type=\"container\">\n\t\t\t\t<div class=\"elementor-element elementor-element-6306216 elementor-widget elementor-widget-heading\" data-id=\"6306216\" data-element_type=\"widget\" data-e-type=\"widget\" data-widget_type=\"heading.default\">\n\t\t\t\t<div class=\"elementor-widget-container\">\n\t\t\t\t\t<h2 class=\"elementor-heading-title elementor-size-default\">Leasen <\/h2>\t\t\t\t<\/div>\n\t\t\t\t<\/div>\n\t\t\t\t<div class=\"elementor-element elementor-element-2ee0e3c elementor-widget elementor-widget-text-editor\" data-id=\"2ee0e3c\" data-element_type=\"widget\" data-e-type=\"widget\" data-widget_type=\"text-editor.default\">\n\t\t\t\t<div class=\"elementor-widget-container\">\n\t\t\t\t\t\t\t\t\t<ul>\n<li>\n<p><span style=\"text-decoration: underline;\"><strong>CONTRACT<\/strong>&nbsp;<\/span>: <br>Leasecontract: maandelijkse kapitalisatie (inclusief rente) door de huurder. Vooraf gedefinieerde prijs en duur.&nbsp;<\/p>\n<\/li>\n<li>\n<p><span style=\"text-decoration: underline;\"><b>Eigenaar<\/b>:<\/span> <br>Juridisch eigenaar: verhuurder<br>Fiscaal en economisch eigenaar: verhuurder&nbsp;<\/p>\n<\/li>\n<li>\n<p><span style=\"text-decoration: underline;\"><strong>Belasting<\/strong> :<br><\/span>Het voertuig staat niet op de balans van de klant, dus geen impact op de schuldgraad<\/p>\n<\/li>\n<\/ul>\n<ul>\n<li>\n<p><span style=\"text-decoration: underline;\"><strong>Facturen<\/strong> :<br><\/span>Maandelijkse rekeningen zijn uitgaven onder traditionele financiering<\/p>\n<\/li>\n<li>\n<p><span style=\"text-decoration: underline;\"><strong>Aankoop optie<\/strong> :<br><\/span>Geen koopoptie bij einde contract vooraf bepaald.&nbsp;<\/p>\n<\/li>\n<li>\n<p><span style=\"text-decoration: underline;\"><strong>Administratief beheer<\/strong> :<br><\/span>Gedekt door het verhuurbedrijf. Huurder regelt niets. (verzekeringen, belastingen, onderhoud, reparaties)&nbsp;<\/p>\n<\/li>\n<\/ul>\t\t\t\t\t\t\t\t<\/div>\n\t\t\t\t<\/div>\n\t\t\t\t<\/div>\n\t\t<div class=\"elementor-element elementor-element-304945a e-con-full e-flex e-con e-child\" data-id=\"304945a\" data-element_type=\"container\" data-e-type=\"container\">\n\t\t\t\t<div class=\"elementor-element elementor-element-5d1ca45 elementor-widget elementor-widget-heading\" data-id=\"5d1ca45\" data-element_type=\"widget\" data-e-type=\"widget\" data-widget_type=\"heading.default\">\n\t\t\t\t<div class=\"elementor-widget-container\">\n\t\t\t\t\t<h2 class=\"elementor-heading-title elementor-size-default\">Huren<\/h2>\t\t\t\t<\/div>\n\t\t\t\t<\/div>\n\t\t\t\t<div class=\"elementor-element elementor-element-03e8578 elementor-widget elementor-widget-text-editor\" data-id=\"03e8578\" data-element_type=\"widget\" data-e-type=\"widget\" data-widget_type=\"text-editor.default\">\n\t\t\t\t<div class=\"elementor-widget-container\">\n\t\t\t\t\t\t\t\t\t<ul>\n<li>\n<p><span style=\"text-decoration: underline;\"><strong>CONTRACT<\/strong>&nbsp;<\/span>:<br>Huurcontract met vooraf bepaalde prijs en duur. Ongedefinieerde kilometerstand. VS<span style=\"background-color: transparent;\">maandelijkse apitalisatie (inclusief rente) door de huurder.<\/span><\/p>\n<\/li>\n<\/ul>\n<ul>\n<li>\n<p><span style=\"text-decoration: underline;\"><b>Eigenaar<\/b>:<\/span> <br>Juridisch eigenaar: huurder<br>Fiscaal en economisch eigenaar: verhuurder&nbsp;<\/p>\n<\/li>\n<li>\n<p><span style=\"text-decoration: underline;\"><strong>Belasting<\/strong>&nbsp;:<br><\/span><span style=\"background-color: transparent;\">Het voertuig staat niet op de balans van de klant, dus geen impact op de schuldgraad<\/span><\/p>\n<\/li>\n<li>\n<p><span style=\"text-decoration: underline;\"><strong>Facturen<\/strong>&nbsp;:<\/span> <br>Maandelijkse rekeningen zijn kosten&nbsp;<span style=\"background-color: transparent;\">binnen het kader van traditionele financiering<\/span><\/p>\n<\/li>\n<li>\n<p><span style=\"text-decoration: underline;\"><strong>Aankoop optie<\/strong>&nbsp;:<\/span> <br>Restwaarde aan het einde van het contract: tussen 16% en 20% van het investeringsbedrag<\/p>\n<\/li>\n<li>\n<p><span style=\"text-decoration: underline;\"><strong>Administratief beheer<\/strong>&nbsp;:<\/span> <br>Het risicobeheer (verzekeringen) is de verantwoordelijkheid van de klant. Niettemin is het mogelijk om van geval tot geval de verzekeringsdienst in het contract te integreren.&nbsp;<\/p>\n<\/li>\n<\/ul>\t\t\t\t\t\t\t\t<\/div>\n\t\t\t\t<\/div>\n\t\t\t\t<\/div>\n\t\t\t\t\t<\/div>\n\t\t\t\t<\/div>\n\t\t<div class=\"elementor-element elementor-element-8ce5a30 e-flex e-con-boxed e-con e-parent\" data-id=\"8ce5a30\" data-element_type=\"container\" data-e-type=\"container\">\n\t\t\t\t\t<div class=\"e-con-inner\">\n\t\t\t\t<div class=\"elementor-element elementor-element-88fc58d elementor-widget elementor-widget-text-editor\" data-id=\"88fc58d\" data-element_type=\"widget\" data-e-type=\"widget\" data-widget_type=\"text-editor.default\">\n\t\t\t\t<div class=\"elementor-widget-container\">\n\t\t\t\t\t\t\t\t\t<p>Het grote verschil tussen financi\u00eble huur en operationele leasing ligt in de inbegrepen diensten (belastingen, verzekeringen, herstellingen, enz.)<\/p>\t\t\t\t\t\t\t\t<\/div>\n\t\t\t\t<\/div>\n\t\t\t\t\t<\/div>\n\t\t\t\t<\/div>\n\t\t\t\t<\/div>","protected":false},"excerpt":{"rendered":"<p>Diff\u00e9rence entre renting &#038; leasing Lorsqu&rsquo;il s&rsquo;agit de financer l&rsquo;acquisition d&rsquo;un v\u00e9hicule ou d&rsquo;un \u00e9quipement, deux options couramment utilis\u00e9es sont le renting financier et le leasing op\u00e9rationnel. Bien que ces termes puissent sembler similaires, ils pr\u00e9sentent des distinctions importantes qui influent sur la mani\u00e8re dont l&rsquo;acquisition est g\u00e9r\u00e9e. Dans cette discussion, nous explorerons en d\u00e9tail [&hellip;]<\/p>\n","protected":false},"author":8,"featured_media":0,"parent":0,"menu_order":0,"comment_status":"closed","ping_status":"closed","template":"elementor_header_footer","meta":{"footnotes":""},"class_list":["post-50","page","type-page","status-publish","hentry"],"_links":{"self":[{"href":"https:\/\/www.jjfin.be\/nl\/wp-json\/wp\/v2\/pages\/50","targetHints":{"allow":["GET"]}}],"collection":[{"href":"https:\/\/www.jjfin.be\/nl\/wp-json\/wp\/v2\/pages"}],"about":[{"href":"https:\/\/www.jjfin.be\/nl\/wp-json\/wp\/v2\/types\/page"}],"author":[{"embeddable":true,"href":"https:\/\/www.jjfin.be\/nl\/wp-json\/wp\/v2\/users\/8"}],"replies":[{"embeddable":true,"href":"https:\/\/www.jjfin.be\/nl\/wp-json\/wp\/v2\/comments?post=50"}],"version-history":[{"count":10,"href":"https:\/\/www.jjfin.be\/nl\/wp-json\/wp\/v2\/pages\/50\/revisions"}],"predecessor-version":[{"id":246,"href":"https:\/\/www.jjfin.be\/nl\/wp-json\/wp\/v2\/pages\/50\/revisions\/246"}],"wp:attachment":[{"href":"https:\/\/www.jjfin.be\/nl\/wp-json\/wp\/v2\/media?parent=50"}],"curies":[{"name":"wp","href":"https:\/\/api.w.org\/{rel}","templated":true}]}}