{"id":6,"date":"2023-09-17T13:28:49","date_gmt":"2023-09-17T13:28:49","guid":{"rendered":"https:\/\/jjfin.wtb.agency\/?page_id=6"},"modified":"2023-10-04T12:57:52","modified_gmt":"2023-10-04T12:57:52","slug":"jjfin","status":"publish","type":"page","link":"https:\/\/www.jjfin.be\/nl\/","title":{"rendered":"jjfin"},"content":{"rendered":"<div data-elementor-type=\"wp-page\" data-elementor-id=\"6\" class=\"elementor elementor-6\" data-elementor-post-type=\"page\">\n\t\t\t\t<div class=\"elementor-element elementor-element-d9a9925 e-con-full e-flex e-con e-parent\" data-id=\"d9a9925\" data-element_type=\"container\" data-e-type=\"container\" data-settings=\"{&quot;background_background&quot;:&quot;classic&quot;}\">\n\t\t<div class=\"elementor-element elementor-element-1c947fc e-flex e-con-boxed e-con e-child\" data-id=\"1c947fc\" data-element_type=\"container\" data-e-type=\"container\">\n\t\t\t\t\t<div class=\"e-con-inner\">\n\t\t\t\t<div class=\"elementor-element elementor-element-cd9a5c9 elementor-widget elementor-widget-heading\" data-id=\"cd9a5c9\" data-element_type=\"widget\" data-e-type=\"widget\" data-widget_type=\"heading.default\">\n\t\t\t\t<div class=\"elementor-widget-container\">\n\t\t\t\t\t<h2 class=\"elementor-heading-title elementor-size-default\">Heeft u een leaseproject? \n<br>Wij zijn hier om u te vergezellen.<\/h2>\t\t\t\t<\/div>\n\t\t\t\t<\/div>\n\t\t<div class=\"elementor-element elementor-element-3c16664 e-con-full e-flex e-con e-child\" data-id=\"3c16664\" data-element_type=\"container\" data-e-type=\"container\">\n\t\t\t\t<div class=\"elementor-element elementor-element-ada9fd6 elementor-align-right elementor-widget elementor-widget-button\" data-id=\"ada9fd6\" data-element_type=\"widget\" data-e-type=\"widget\" data-widget_type=\"button.default\">\n\t\t\t\t<div class=\"elementor-widget-container\">\n\t\t\t\t\t\t\t\t\t<div class=\"elementor-button-wrapper\">\n\t\t\t\t\t<a class=\"elementor-button elementor-button-link elementor-size-sm\" href=\"https:\/\/www.jjfin.be\/nl\/leasing\/\">\n\t\t\t\t\t\t<span class=\"elementor-button-content-wrapper\">\n\t\t\t\t\t\t\t\t\t<span class=\"elementor-button-text\">Operationele leasing<\/span>\n\t\t\t\t\t<\/span>\n\t\t\t\t\t<\/a>\n\t\t\t\t<\/div>\n\t\t\t\t\t\t\t\t<\/div>\n\t\t\t\t<\/div>\n\t\t\t\t<\/div>\n\t\t<div class=\"elementor-element elementor-element-c6c9a62 e-con-full e-flex e-con e-child\" data-id=\"c6c9a62\" data-element_type=\"container\" data-e-type=\"container\">\n\t\t\t\t<div class=\"elementor-element elementor-element-b1afb45 elementor-align-right elementor-widget elementor-widget-button\" data-id=\"b1afb45\" data-element_type=\"widget\" data-e-type=\"widget\" data-widget_type=\"button.default\">\n\t\t\t\t<div class=\"elementor-widget-container\">\n\t\t\t\t\t\t\t\t\t<div class=\"elementor-button-wrapper\">\n\t\t\t\t\t<a class=\"elementor-button elementor-button-link elementor-size-sm\" href=\"https:\/\/www.jjfin.be\/nl\/renting\/\">\n\t\t\t\t\t\t<span class=\"elementor-button-content-wrapper\">\n\t\t\t\t\t\t\t\t\t<span class=\"elementor-button-text\">Financi\u00eble verhuur<\/span>\n\t\t\t\t\t<\/span>\n\t\t\t\t\t<\/a>\n\t\t\t\t<\/div>\n\t\t\t\t\t\t\t\t<\/div>\n\t\t\t\t<\/div>\n\t\t\t\t<\/div>\n\t\t\t\t\t<\/div>\n\t\t\t\t<\/div>\n\t\t\t\t<\/div>\n\t\t<div class=\"elementor-element elementor-element-ba6e497 e-flex e-con-boxed e-con e-parent\" data-id=\"ba6e497\" data-element_type=\"container\" data-e-type=\"container\" data-settings=\"{&quot;background_background&quot;:&quot;gradient&quot;}\">\n\t\t\t\t\t<div class=\"e-con-inner\">\n\t\t\t\t<div class=\"elementor-element elementor-element-74d07ea elementor-widget elementor-widget-image\" data-id=\"74d07ea\" data-element_type=\"widget\" data-e-type=\"widget\" data-widget_type=\"image.default\">\n\t\t\t\t<div class=\"elementor-widget-container\">\n\t\t\t\t\t\t\t\t\t\t\t\t\t\t\t<img fetchpriority=\"high\" decoding=\"async\" width=\"612\" height=\"280\" src=\"https:\/\/www.jjfin.be\/wp-content\/uploads\/2023\/09\/jjfin-logo-white2.png\" class=\"attachment-full size-full wp-image-13\" alt=\"\" srcset=\"https:\/\/www.jjfin.be\/wp-content\/uploads\/2023\/09\/jjfin-logo-white2.png 612w, https:\/\/www.jjfin.be\/wp-content\/uploads\/2023\/09\/jjfin-logo-white2-300x137.png 300w\" sizes=\"(max-width: 612px) 100vw, 612px\" \/>\t\t\t\t\t\t\t\t\t\t\t\t\t\t\t<\/div>\n\t\t\t\t<\/div>\n\t\t\t\t<div class=\"elementor-element elementor-element-ed4f706 elementor-widget elementor-widget-heading\" data-id=\"ed4f706\" data-element_type=\"widget\" data-e-type=\"widget\" data-widget_type=\"heading.default\">\n\t\t\t\t<div class=\"elementor-widget-container\">\n\t\t\t\t\t<h2 class=\"elementor-heading-title elementor-size-default\">Kiezen tussen leasen en huren kan voor veel mensen een groot dilemma zijn, omdat het een kwestie van navigeren is <i>financiele voordelen<\/i> op de korte termijn en het vooruitzicht van <i>eigendom op lange termijn<\/i>.<\/h2>\t\t\t\t<\/div>\n\t\t\t\t<\/div>\n\t\t\t\t<div class=\"elementor-element elementor-element-4c21532 elementor-widget elementor-widget-text-editor\" data-id=\"4c21532\" data-element_type=\"widget\" data-e-type=\"widget\" data-widget_type=\"text-editor.default\">\n\t\t\t\t<div class=\"elementor-widget-container\">\n\t\t\t\t\t\t\t\t\t<p>Het concept van leasing speelt een essenti\u00eble rol in onze samenleving, maar hoe zit het met autoleasing en waarin verschilt dit van gewone verhuur? Deze twee termen worden soms door elkaar gebruikt, maar in werkelijkheid is het onderscheid vooral te vinden op boekhoudkundig gebied. Wij raden u aan de balans op te maken van deze twee oplossingen.<\/p>\t\t\t\t\t\t\t\t<\/div>\n\t\t\t\t<\/div>\n\t\t\t\t<div class=\"elementor-element elementor-element-f09e06e elementor-align-center elementor-widget elementor-widget-button\" data-id=\"f09e06e\" data-element_type=\"widget\" data-e-type=\"widget\" data-widget_type=\"button.default\">\n\t\t\t\t<div class=\"elementor-widget-container\">\n\t\t\t\t\t\t\t\t\t<div class=\"elementor-button-wrapper\">\n\t\t\t\t\t<a class=\"elementor-button elementor-button-link elementor-size-sm\" href=\"https:\/\/www.jjfin.be\/nl\/difference-entre-renting-et-leasing\/\">\n\t\t\t\t\t\t<span class=\"elementor-button-content-wrapper\">\n\t\t\t\t\t\t\t\t\t<span class=\"elementor-button-text\">Wat is het verschil tussen leasen en huren?<\/span>\n\t\t\t\t\t<\/span>\n\t\t\t\t\t<\/a>\n\t\t\t\t<\/div>\n\t\t\t\t\t\t\t\t<\/div>\n\t\t\t\t<\/div>\n\t\t\t\t\t<\/div>\n\t\t\t\t<\/div>\n\t\t<div class=\"elementor-element elementor-element-f1e607f e-flex e-con-boxed e-con e-parent\" data-id=\"f1e607f\" data-element_type=\"container\" data-e-type=\"container\" data-settings=\"{&quot;background_background&quot;:&quot;classic&quot;}\">\n\t\t\t\t\t<div class=\"e-con-inner\">\n\t\t\t\t<div class=\"elementor-element elementor-element-532fd9d elementor-widget elementor-widget-heading\" data-id=\"532fd9d\" data-element_type=\"widget\" data-e-type=\"widget\" data-widget_type=\"heading.default\">\n\t\t\t\t<div class=\"elementor-widget-container\">\n\t\t\t\t\t<h2 class=\"elementor-heading-title elementor-size-default\">Onder onze partnermerken <\/h2>\t\t\t\t<\/div>\n\t\t\t\t<\/div>\n\t\t\t\t\t<\/div>\n\t\t\t\t<\/div>\n\t\t<div class=\"elementor-element elementor-element-8cc3893 e-flex e-con-boxed e-con e-parent\" data-id=\"8cc3893\" data-element_type=\"container\" data-e-type=\"container\" data-settings=\"{&quot;background_background&quot;:&quot;classic&quot;}\">\n\t\t\t\t\t<div class=\"e-con-inner\">\n\t\t<div class=\"elementor-element elementor-element-759aa19 e-con-full e-flex e-con e-child\" data-id=\"759aa19\" data-element_type=\"container\" data-e-type=\"container\">\n\t\t\t\t<div class=\"elementor-element elementor-element-10fff35 elementor-widget elementor-widget-image\" data-id=\"10fff35\" data-element_type=\"widget\" data-e-type=\"widget\" data-widget_type=\"image.default\">\n\t\t\t\t<div class=\"elementor-widget-container\">\n\t\t\t\t\t\t\t\t\t\t\t\t\t\t\t<img decoding=\"async\" width=\"1920\" height=\"1920\" src=\"https:\/\/www.jjfin.be\/wp-content\/uploads\/2023\/09\/jjfin-financement-leasing-renting-automobile-bmw.png\" class=\"attachment-full size-full wp-image-31\" alt=\"\" srcset=\"https:\/\/www.jjfin.be\/wp-content\/uploads\/2023\/09\/jjfin-financement-leasing-renting-automobile-bmw.png 1920w, https:\/\/www.jjfin.be\/wp-content\/uploads\/2023\/09\/jjfin-financement-leasing-renting-automobile-bmw-300x300.png 300w, https:\/\/www.jjfin.be\/wp-content\/uploads\/2023\/09\/jjfin-financement-leasing-renting-automobile-bmw-1024x1024.png 1024w, https:\/\/www.jjfin.be\/wp-content\/uploads\/2023\/09\/jjfin-financement-leasing-renting-automobile-bmw-150x150.png 150w, https:\/\/www.jjfin.be\/wp-content\/uploads\/2023\/09\/jjfin-financement-leasing-renting-automobile-bmw-768x768.png 768w, https:\/\/www.jjfin.be\/wp-content\/uploads\/2023\/09\/jjfin-financement-leasing-renting-automobile-bmw-1536x1536.png 1536w\" sizes=\"(max-width: 1920px) 100vw, 1920px\" \/>\t\t\t\t\t\t\t\t\t\t\t\t\t\t\t<\/div>\n\t\t\t\t<\/div>\n\t\t\t\t<\/div>\n\t\t<div class=\"elementor-element elementor-element-32395c4 e-con-full e-flex e-con e-child\" data-id=\"32395c4\" data-element_type=\"container\" data-e-type=\"container\">\n\t\t\t\t<div class=\"elementor-element elementor-element-2481e60 elementor-widget elementor-widget-image\" data-id=\"2481e60\" data-element_type=\"widget\" data-e-type=\"widget\" data-widget_type=\"image.default\">\n\t\t\t\t<div class=\"elementor-widget-container\">\n\t\t\t\t\t\t\t\t\t\t\t\t\t\t\t<img decoding=\"async\" width=\"755\" height=\"466\" src=\"https:\/\/www.jjfin.be\/wp-content\/uploads\/2023\/09\/jjfin-financement-leasing-renting-automobile-mini.png\" class=\"attachment-large size-large wp-image-32\" alt=\"\" srcset=\"https:\/\/www.jjfin.be\/wp-content\/uploads\/2023\/09\/jjfin-financement-leasing-renting-automobile-mini.png 755w, https:\/\/www.jjfin.be\/wp-content\/uploads\/2023\/09\/jjfin-financement-leasing-renting-automobile-mini-300x185.png 300w\" sizes=\"(max-width: 755px) 100vw, 755px\" \/>\t\t\t\t\t\t\t\t\t\t\t\t\t\t\t<\/div>\n\t\t\t\t<\/div>\n\t\t\t\t<\/div>\n\t\t<div class=\"elementor-element elementor-element-2ab047a e-con-full e-flex e-con e-child\" data-id=\"2ab047a\" data-element_type=\"container\" data-e-type=\"container\">\n\t\t\t\t<div class=\"elementor-element elementor-element-70947ad elementor-widget elementor-widget-image\" data-id=\"70947ad\" data-element_type=\"widget\" data-e-type=\"widget\" data-widget_type=\"image.default\">\n\t\t\t\t<div class=\"elementor-widget-container\">\n\t\t\t\t\t\t\t\t\t\t\t\t\t\t\t<img loading=\"lazy\" decoding=\"async\" width=\"800\" height=\"790\" src=\"https:\/\/www.jjfin.be\/wp-content\/uploads\/2023\/09\/jjfin-financement-leasing-renting-automobile-mercedes-1024x1011.png\" class=\"attachment-large size-large wp-image-33\" alt=\"\" srcset=\"https:\/\/www.jjfin.be\/wp-content\/uploads\/2023\/09\/jjfin-financement-leasing-renting-automobile-mercedes-1024x1011.png 1024w, https:\/\/www.jjfin.be\/wp-content\/uploads\/2023\/09\/jjfin-financement-leasing-renting-automobile-mercedes-300x296.png 300w, https:\/\/www.jjfin.be\/wp-content\/uploads\/2023\/09\/jjfin-financement-leasing-renting-automobile-mercedes-768x758.png 768w, https:\/\/www.jjfin.be\/wp-content\/uploads\/2023\/09\/jjfin-financement-leasing-renting-automobile-mercedes.png 1080w\" sizes=\"(max-width: 800px) 100vw, 800px\" \/>\t\t\t\t\t\t\t\t\t\t\t\t\t\t\t<\/div>\n\t\t\t\t<\/div>\n\t\t\t\t<\/div>\n\t\t<div class=\"elementor-element elementor-element-bbc9f7c e-con-full e-flex e-con e-child\" data-id=\"bbc9f7c\" data-element_type=\"container\" data-e-type=\"container\">\n\t\t\t\t<div class=\"elementor-element elementor-element-039b7c2 elementor-widget elementor-widget-image\" data-id=\"039b7c2\" data-element_type=\"widget\" data-e-type=\"widget\" data-widget_type=\"image.default\">\n\t\t\t\t<div class=\"elementor-widget-container\">\n\t\t\t\t\t\t\t\t\t\t\t\t\t\t\t<img loading=\"lazy\" decoding=\"async\" width=\"800\" height=\"790\" src=\"https:\/\/www.jjfin.be\/wp-content\/uploads\/2023\/09\/jjfin-financement-leasing-renting-automobile-tesla-1024x1011.png\" class=\"attachment-large size-large wp-image-264\" alt=\"\" srcset=\"https:\/\/www.jjfin.be\/wp-content\/uploads\/2023\/09\/jjfin-financement-leasing-renting-automobile-tesla-1024x1011.png 1024w, https:\/\/www.jjfin.be\/wp-content\/uploads\/2023\/09\/jjfin-financement-leasing-renting-automobile-tesla-300x296.png 300w, https:\/\/www.jjfin.be\/wp-content\/uploads\/2023\/09\/jjfin-financement-leasing-renting-automobile-tesla-768x758.png 768w, https:\/\/www.jjfin.be\/wp-content\/uploads\/2023\/09\/jjfin-financement-leasing-renting-automobile-tesla.png 1080w\" sizes=\"(max-width: 800px) 100vw, 800px\" \/>\t\t\t\t\t\t\t\t\t\t\t\t\t\t\t<\/div>\n\t\t\t\t<\/div>\n\t\t\t\t<\/div>\n\t\t<div class=\"elementor-element elementor-element-f98194d e-con-full e-flex e-con e-child\" data-id=\"f98194d\" data-element_type=\"container\" data-e-type=\"container\">\n\t\t\t\t<div class=\"elementor-element elementor-element-4daf23b elementor-widget elementor-widget-image\" data-id=\"4daf23b\" data-element_type=\"widget\" data-e-type=\"widget\" data-widget_type=\"image.default\">\n\t\t\t\t<div class=\"elementor-widget-container\">\n\t\t\t\t\t\t\t\t\t\t\t\t\t\t\t<img loading=\"lazy\" decoding=\"async\" width=\"800\" height=\"790\" src=\"https:\/\/www.jjfin.be\/wp-content\/uploads\/2023\/09\/jjfin-financement-leasing-renting-automobile-audi-1024x1011.png\" class=\"attachment-large size-large wp-image-261\" alt=\"\" srcset=\"https:\/\/www.jjfin.be\/wp-content\/uploads\/2023\/09\/jjfin-financement-leasing-renting-automobile-audi-1024x1011.png 1024w, https:\/\/www.jjfin.be\/wp-content\/uploads\/2023\/09\/jjfin-financement-leasing-renting-automobile-audi-300x296.png 300w, https:\/\/www.jjfin.be\/wp-content\/uploads\/2023\/09\/jjfin-financement-leasing-renting-automobile-audi-768x758.png 768w, https:\/\/www.jjfin.be\/wp-content\/uploads\/2023\/09\/jjfin-financement-leasing-renting-automobile-audi.png 1080w\" sizes=\"(max-width: 800px) 100vw, 800px\" \/>\t\t\t\t\t\t\t\t\t\t\t\t\t\t\t<\/div>\n\t\t\t\t<\/div>\n\t\t\t\t<\/div>\n\t\t<div class=\"elementor-element elementor-element-6321624 e-con-full e-flex e-con e-child\" data-id=\"6321624\" data-element_type=\"container\" data-e-type=\"container\">\n\t\t\t\t<div class=\"elementor-element elementor-element-c1f30d4 elementor-widget elementor-widget-image\" data-id=\"c1f30d4\" data-element_type=\"widget\" data-e-type=\"widget\" data-widget_type=\"image.default\">\n\t\t\t\t<div class=\"elementor-widget-container\">\n\t\t\t\t\t\t\t\t\t\t\t\t\t\t\t<img loading=\"lazy\" decoding=\"async\" width=\"800\" height=\"790\" src=\"https:\/\/www.jjfin.be\/wp-content\/uploads\/2023\/09\/jjfin-financement-leasing-renting-automobile-volkswagen-1024x1011.png\" class=\"attachment-large size-large wp-image-265\" alt=\"\" srcset=\"https:\/\/www.jjfin.be\/wp-content\/uploads\/2023\/09\/jjfin-financement-leasing-renting-automobile-volkswagen-1024x1011.png 1024w, https:\/\/www.jjfin.be\/wp-content\/uploads\/2023\/09\/jjfin-financement-leasing-renting-automobile-volkswagen-300x296.png 300w, https:\/\/www.jjfin.be\/wp-content\/uploads\/2023\/09\/jjfin-financement-leasing-renting-automobile-volkswagen-768x758.png 768w, https:\/\/www.jjfin.be\/wp-content\/uploads\/2023\/09\/jjfin-financement-leasing-renting-automobile-volkswagen.png 1080w\" sizes=\"(max-width: 800px) 100vw, 800px\" \/>\t\t\t\t\t\t\t\t\t\t\t\t\t\t\t<\/div>\n\t\t\t\t<\/div>\n\t\t\t\t<\/div>\n\t\t<div class=\"elementor-element elementor-element-13142d1 e-con-full e-flex e-con e-child\" data-id=\"13142d1\" data-element_type=\"container\" data-e-type=\"container\">\n\t\t\t\t<div class=\"elementor-element elementor-element-cfbd045 elementor-widget elementor-widget-image\" data-id=\"cfbd045\" data-element_type=\"widget\" data-e-type=\"widget\" data-widget_type=\"image.default\">\n\t\t\t\t<div class=\"elementor-widget-container\">\n\t\t\t\t\t\t\t\t\t\t\t\t\t\t\t<img loading=\"lazy\" decoding=\"async\" width=\"800\" height=\"790\" src=\"https:\/\/www.jjfin.be\/wp-content\/uploads\/2023\/09\/jjfin-financement-leasing-renting-automobile-peugeot-1024x1011.png\" class=\"attachment-large size-large wp-image-263\" alt=\"\" srcset=\"https:\/\/www.jjfin.be\/wp-content\/uploads\/2023\/09\/jjfin-financement-leasing-renting-automobile-peugeot-1024x1011.png 1024w, https:\/\/www.jjfin.be\/wp-content\/uploads\/2023\/09\/jjfin-financement-leasing-renting-automobile-peugeot-300x296.png 300w, https:\/\/www.jjfin.be\/wp-content\/uploads\/2023\/09\/jjfin-financement-leasing-renting-automobile-peugeot-768x758.png 768w, https:\/\/www.jjfin.be\/wp-content\/uploads\/2023\/09\/jjfin-financement-leasing-renting-automobile-peugeot.png 1080w\" sizes=\"(max-width: 800px) 100vw, 800px\" \/>\t\t\t\t\t\t\t\t\t\t\t\t\t\t\t<\/div>\n\t\t\t\t<\/div>\n\t\t\t\t<\/div>\n\t\t<div class=\"elementor-element elementor-element-ace8687 e-con-full e-flex e-con e-child\" data-id=\"ace8687\" data-element_type=\"container\" data-e-type=\"container\">\n\t\t\t\t<div class=\"elementor-element elementor-element-596d968 elementor-widget elementor-widget-image\" data-id=\"596d968\" data-element_type=\"widget\" data-e-type=\"widget\" data-widget_type=\"image.default\">\n\t\t\t\t<div class=\"elementor-widget-container\">\n\t\t\t\t\t\t\t\t\t\t\t\t\t\t\t<img loading=\"lazy\" decoding=\"async\" width=\"800\" height=\"790\" src=\"https:\/\/www.jjfin.be\/wp-content\/uploads\/2023\/09\/jjfin-financement-leasing-renting-automobile-land-rover-1024x1011.png\" class=\"attachment-large size-large wp-image-262\" alt=\"\" srcset=\"https:\/\/www.jjfin.be\/wp-content\/uploads\/2023\/09\/jjfin-financement-leasing-renting-automobile-land-rover-1024x1011.png 1024w, https:\/\/www.jjfin.be\/wp-content\/uploads\/2023\/09\/jjfin-financement-leasing-renting-automobile-land-rover-300x296.png 300w, https:\/\/www.jjfin.be\/wp-content\/uploads\/2023\/09\/jjfin-financement-leasing-renting-automobile-land-rover-768x758.png 768w, https:\/\/www.jjfin.be\/wp-content\/uploads\/2023\/09\/jjfin-financement-leasing-renting-automobile-land-rover.png 1080w\" sizes=\"(max-width: 800px) 100vw, 800px\" \/>\t\t\t\t\t\t\t\t\t\t\t\t\t\t\t<\/div>\n\t\t\t\t<\/div>\n\t\t\t\t<\/div>\n\t\t\t\t\t<\/div>\n\t\t\t\t<\/div>\n\t\t<div class=\"elementor-element elementor-element-988641e e-flex e-con-boxed e-con e-parent\" data-id=\"988641e\" data-element_type=\"container\" data-e-type=\"container\">\n\t\t\t\t\t<div class=\"e-con-inner\">\n\t\t<div class=\"elementor-element elementor-element-7b4f20f e-con-full e-flex e-con e-child\" data-id=\"7b4f20f\" data-element_type=\"container\" data-e-type=\"container\">\n\t\t\t\t<div class=\"elementor-element elementor-element-6306216 elementor-widget elementor-widget-heading\" data-id=\"6306216\" data-element_type=\"widget\" data-e-type=\"widget\" data-widget_type=\"heading.default\">\n\t\t\t\t<div class=\"elementor-widget-container\">\n\t\t\t\t\t<h2 class=\"elementor-heading-title elementor-size-default\">Wie zijn we ?<\/h2>\t\t\t\t<\/div>\n\t\t\t\t<\/div>\n\t\t\t\t<div class=\"elementor-element elementor-element-062919c elementor-align-left elementor-widget elementor-widget-button\" data-id=\"062919c\" data-element_type=\"widget\" data-e-type=\"widget\" data-widget_type=\"button.default\">\n\t\t\t\t<div class=\"elementor-widget-container\">\n\t\t\t\t\t\t\t\t\t<div class=\"elementor-button-wrapper\">\n\t\t\t\t\t<a class=\"elementor-button elementor-button-link elementor-size-sm\" href=\"#\">\n\t\t\t\t\t\t<span class=\"elementor-button-content-wrapper\">\n\t\t\t\t\t\t\t\t\t<span class=\"elementor-button-text\">Ken ons beter<\/span>\n\t\t\t\t\t<\/span>\n\t\t\t\t\t<\/a>\n\t\t\t\t<\/div>\n\t\t\t\t\t\t\t\t<\/div>\n\t\t\t\t<\/div>\n\t\t\t\t<\/div>\n\t\t<div class=\"elementor-element elementor-element-304945a e-con-full e-flex e-con e-child\" data-id=\"304945a\" data-element_type=\"container\" data-e-type=\"container\">\n\t\t\t\t<div class=\"elementor-element elementor-element-2ee0e3c elementor-widget elementor-widget-text-editor\" data-id=\"2ee0e3c\" data-element_type=\"widget\" data-e-type=\"widget\" data-widget_type=\"text-editor.default\">\n\t\t\t\t<div class=\"elementor-widget-container\">\n\t\t\t\t\t\t\t\t\t<p>Met 15 jaar expertise op de Belgische markt is onze leasingmaatschappij er trots op voorop te lopen in de sector. Sinds onze oprichting hebben we een solide reputatie opgebouwd als een vertrouwde partner voor bedrijven en particulieren die op zoek zijn naar flexibele financieringsoplossingen die zijn afgestemd op hun behoeften.<\/p><p>Tijdens onze reis zijn we voortdurend ge\u00ebvolueerd om tegemoet te komen aan de veranderende behoeften van onze klanten in een steeds veranderende economische omgeving. Onze toewijding aan uitmuntendheid, transparantie en klanttevredenheid is altijd de kern van onze missie geweest. Door onze ervaring begrijpen wij volledig de specifieke uitdagingen waarmee onze klanten worden geconfronteerd, waardoor wij hen oplossingen op maat kunnen bieden.<\/p>\t\t\t\t\t\t\t\t<\/div>\n\t\t\t\t<\/div>\n\t\t\t\t<\/div>\n\t\t\t\t\t<\/div>\n\t\t\t\t<\/div>\n\t\t\t\t<\/div>","protected":false},"excerpt":{"rendered":"<p>Vous avez un projet de leasing ? Nous sommes l\u00e0 pour vous accompagner. Leasing Op\u00e9rationel Renting Financier Choisir entre un leasing et un renting peut \u00eatre un dilemme de taille pour de nombreuses personnes, car cela implique de naviguer entre des avantages financiers \u00e0 court terme et la perspective d&rsquo;une propri\u00e9t\u00e9 \u00e0 long terme. Le [&hellip;]<\/p>\n","protected":false},"author":8,"featured_media":0,"parent":0,"menu_order":0,"comment_status":"closed","ping_status":"closed","template":"elementor_header_footer","meta":{"footnotes":""},"class_list":["post-6","page","type-page","status-publish","hentry"],"_links":{"self":[{"href":"https:\/\/www.jjfin.be\/nl\/wp-json\/wp\/v2\/pages\/6","targetHints":{"allow":["GET"]}}],"collection":[{"href":"https:\/\/www.jjfin.be\/nl\/wp-json\/wp\/v2\/pages"}],"about":[{"href":"https:\/\/www.jjfin.be\/nl\/wp-json\/wp\/v2\/types\/page"}],"author":[{"embeddable":true,"href":"https:\/\/www.jjfin.be\/nl\/wp-json\/wp\/v2\/users\/8"}],"replies":[{"embeddable":true,"href":"https:\/\/www.jjfin.be\/nl\/wp-json\/wp\/v2\/comments?post=6"}],"version-history":[{"count":10,"href":"https:\/\/www.jjfin.be\/nl\/wp-json\/wp\/v2\/pages\/6\/revisions"}],"predecessor-version":[{"id":289,"href":"https:\/\/www.jjfin.be\/nl\/wp-json\/wp\/v2\/pages\/6\/revisions\/289"}],"wp:attachment":[{"href":"https:\/\/www.jjfin.be\/nl\/wp-json\/wp\/v2\/media?parent=6"}],"curies":[{"name":"wp","href":"https:\/\/api.w.org\/{rel}","templated":true}]}}